{"id":23742,"date":"2023-02-17T14:59:41","date_gmt":"2023-02-17T13:59:41","guid":{"rendered":"https:\/\/iwsp.uwr.edu.pl\/?page_id=23742"},"modified":"2025-11-17T15:54:59","modified_gmt":"2025-11-17T14:54:59","slug":"registration-xi","status":"publish","type":"page","link":"https:\/\/iwsp.uwr.edu.pl\/en\/home\/current-events\/iwsp-2026\/registration-xi\/","title":{"rendered":"Registration and Abstracts"},"content":{"rendered":"\n        <div class=\"conference-form-page\">\n            <div class=\"left-column\">\n               <img decoding=\"async\" src=\"https:\/\/uwr.edu.pl\/\/wp-content\/uploads\/2021\/07\/DSC05616.jpg\" \/>\n            <\/div>\n            <div class=\"right-column\">\n                <div class=\"bs_add_breadcrumb_trail\"><\/div>\n                <hr>\n                <h1 class=\"konferencje-strona-naglowek\">Registration and Abstracts<\/h1>\n                <div class=\"conference-form\">\t\t\t\t<form id=\"acf-form\" class=\"acf-form\" action=\"\" method=\"post\">\n\t\t\t\t\t<div id=\"acf-form-data\" class=\"acf-hidden\">\n\t\t<input type=\"hidden\" id=\"_acf_screen\" name=\"_acf_screen\" value=\"acf_form\"\/><input type=\"hidden\" id=\"_acf_post_id\" name=\"_acf_post_id\" value=\"new_post\"\/><input type=\"hidden\" id=\"_acf_validation\" name=\"_acf_validation\" value=\"1\"\/><input type=\"hidden\" id=\"_acf_form\" name=\"_acf_form\" value=\"cnVpVVltczgvL0NzQy8wbDF4SGN0UURGd1UvVnpQMVdiS3N5VWRWaW9Hc0hzV0pvWGZxYm1keU9OVjVZUjBaK0k0ajl1OVB5clFPamlMNXdEYlhzSlFyTUg2RWpNTHRpZ0hOV29vSTc1WjR6MC9VbzhwWjRkQzMyRXIzcVJsZ1VkRVVtWG14cjB5UWZ6TlE0VzNwWTZDd3p1aVBQbnhRa0Y3dmFIdTJuamVDS2FiZTJZMFdyc1JKSXlncFdJbzR3MEZ3eUM2d05zUEhwSjJyYzdBSWQyMEhJV1hFaHZWYmxHVWxNYTBuZFptRVlQRzJUUjhPZ1BwUDluY2tseXJIV0gwNnZLRzcwVk53N3V5am5ZcmorR3VRcGxTek83WklRWVJPN3NjNWVQV3ZTYnNBNmM4TzBoK0RFeGNDeitFTXV5RXJ2SjhjNXBkRG0rbTRGeWQzWjVmc0lLam5XY2tCeWVZVEdhdkFPK1pPeThiV0Y4eVEzRWppYW5vejVGeFptU1g2ais1MjNoY3Rabm5XSEo0QTJ5OWNkSUQzQjdubThoSTdaaGs0NlY1QjB4ZkRqM3pUTjd4QncyeTA2bnNEeStJQXB4LzIyYUdIYWdMaVdBcDU3SFllL2svUzVERy9pWVN6blRvaFhtVC92N0diQmVlSTliZ1N0aDZ5enpWYldSaGFoc2ZCcGJvSHpMZmg3aTg0KytoMXU3djRVMUwzZTFGblgzNlk5alczSFRvQVVPY050cFk5R3lqSmY0Y0dWOEtUWEtWd2JtUU5MMVp6STFJd2tFQ1hKTWE4M2pXTFQ4Si9yRFhQUHhFVTA3QktZdDVXcFNndFl4OFZLeVhiTFVJQTdJL2VJdHUxd3VwdzBOUkJ5cGlFYzNkdmtlbGpzQ0VwUmgvdFJheWVuTjg2SlZhakF6MUo3dHpWQVRjZEdPOENVTk5yWG1pSE12eW8yZC82cHZkc0Znc2t2OHdTbGVWMGIyTWN5WlFYWTFoMG40SmhsSVRoQmZQYVZSQm81UVlhUFl5YlZMR0Z3UFdUeUxGaUlvSkVmN2Z5ZjdGeVgza0lRZEYralVqaWxXUTc3b1k2aC95MHNablVhUlVHN3hPRDQvY2NFbmZ3VkcySDNEdDZXTXNDNjRXUXJvUFNWOXBOS0t0dzMzRk9DSU1DUjFvL1BSdHlWcFJSZUFYeXZ1dUxINTZhWjREdVpZZkhKVjVyQU5XaUpwVFVnRnlUaVhXSDBteDk2SFRURFpJa0NncFA0Z3FoVk1LWU9WRk93RE9xS0cydTJDU3RmV1pUN05ZVzEvZG4yTmo0TGhjcVhZRThncjJxYWdyZjl1eDJ4dFJTcmlvWFpSNWxjajlsVXBSL3FpQThEaHBoODhtOFdQVC9iNHdLZ1U4ZGNJNGl5azMrcTIzakxGRFA1YkNsWFpmUVlTRExWa25mMW9iSi91OElUZ1oyaEoxK3kyVzF3b1pvMjFOc2tkWHhFQlN0RE1BRUpOUE5NWlFIY3dNSi9TbEpvcFBRMVp4a0dlWXl0UXNTUTI1SkdnS05FM1dYNGZ6eXZ3ajNlQTNnMDlxNzgvc1cvWHJUSVloK1VMcUdBeEV5SUZDWjBWVUtGaWlKUjo6KTvaleNaxcz1cEmniTCcNQ==\"\/><input type=\"hidden\" id=\"_acf_nonce\" name=\"_acf_nonce\" value=\"7efa3acc8d\"\/><input type=\"hidden\" id=\"_acf_changed\" name=\"_acf_changed\" value=\"0\"\/>\t<\/div>\n\t\t\t\t<div class=\"acf-fields acf-form-fields -top\">\n\t\t\t\t\t\t\t\t<div class=\"acf-field acf-field-post-object acf-field-62e27c7d8dc5c\" data-name=\"konferencja\" data-type=\"post_object\" data-key=\"field_62e27c7d8dc5c\">\n<div class=\"acf-label\">\n<label for=\"acf-field_62e27c7d8dc5c\">Konferencja<\/label><\/div>\n<div class=\"acf-input\">\n<input type=\"hidden\" id=\"acf-field_62e27c7d8dc5c-input\" name=\"acf[field_62e27c7d8dc5c]\"\/><select id=\"acf-field_62e27c7d8dc5c\" class=\"\" name=\"acf[field_62e27c7d8dc5c]\" data-ui=\"1\" data-ajax=\"1\" data-multiple=\"0\" data-placeholder=\"Select\" data-allow_null=\"0\" data-nonce=\"7dcaa53917\"><\/select><\/div>\n<\/div>\n<div class=\"acf-field acf-field-text acf-field-6228ac6cad234 is-required\" data-name=\"imie\" data-type=\"text\" data-key=\"field_6228ac6cad234\" data-required=\"1\">\n<div class=\"acf-label\">\n<label for=\"acf-field_6228ac6cad234\">Imi\u0119 <span class=\"acf-required\">*<\/span><\/label><\/div>\n<div class=\"acf-input\">\n<div class=\"acf-input-wrap\"><input type=\"text\" id=\"acf-field_6228ac6cad234\" name=\"acf[field_6228ac6cad234]\" placeholder=\"Wpisz imi\u0119\" required=\"required\"\/><\/div><\/div>\n<\/div>\n<div class=\"acf-field acf-field-text acf-field-6228ac90ad235 is-required\" data-name=\"nazwisko\" data-type=\"text\" data-key=\"field_6228ac90ad235\" data-required=\"1\">\n<div class=\"acf-label\">\n<label for=\"acf-field_6228ac90ad235\">Nazwisko <span class=\"acf-required\">*<\/span><\/label><\/div>\n<div class=\"acf-input\">\n<div class=\"acf-input-wrap\"><input type=\"text\" id=\"acf-field_6228ac90ad235\" name=\"acf[field_6228ac90ad235]\" placeholder=\"Wpisz nazwisko\" required=\"required\"\/><\/div><\/div>\n<\/div>\n<div class=\"acf-field acf-field-email acf-field-6228aca8ad236 is-required\" data-name=\"e-mail\" data-type=\"email\" data-key=\"field_6228aca8ad236\" data-required=\"1\">\n<div class=\"acf-label\">\n<label for=\"acf-field_6228aca8ad236\">E-mail <span class=\"acf-required\">*<\/span><\/label><\/div>\n<div class=\"acf-input\">\n<div class=\"acf-input-wrap\"><input type=\"email\" id=\"acf-field_6228aca8ad236\" name=\"acf[field_6228aca8ad236]\" placeholder=\"Wpisz e-mail\" required=\"required\"\/><\/div><\/div>\n<\/div>\n<div class=\"acf-field acf-field-number acf-field-6228acc8ad237 is-required\" data-name=\"numer_telefonu\" data-type=\"number\" data-key=\"field_6228acc8ad237\" data-required=\"1\">\n<div class=\"acf-label\">\n<label for=\"acf-field_6228acc8ad237\">Numer telefonu <span class=\"acf-required\">*<\/span><\/label><\/div>\n<div class=\"acf-input\">\n<div class=\"acf-input-wrap\"><input type=\"number\" id=\"acf-field_6228acc8ad237\" name=\"acf[field_6228acc8ad237]\" step=\"any\" required=\"required\"\/><\/div><\/div>\n<\/div>\n<div class=\"acf-field acf-field-text acf-field-6228aceaad238\" data-name=\"tytul_naukowy\" data-type=\"text\" data-key=\"field_6228aceaad238\">\n<div class=\"acf-label\">\n<label for=\"acf-field_6228aceaad238\">Tytu\u0142 naukowy<\/label><\/div>\n<div class=\"acf-input\">\n<div class=\"acf-input-wrap\"><input type=\"text\" id=\"acf-field_6228aceaad238\" name=\"acf[field_6228aceaad238]\" placeholder=\"Wpisz tytu\u0142 naukowy\"\/><\/div><\/div>\n<\/div>\n<div class=\"acf-field acf-field-text acf-field-6228ad0ead239 is-required\" data-name=\"afiliacja\" data-type=\"text\" data-key=\"field_6228ad0ead239\" data-required=\"1\">\n<div class=\"acf-label\">\n<label for=\"acf-field_6228ad0ead239\">Afiliacja <span class=\"acf-required\">*<\/span><\/label><\/div>\n<div class=\"acf-input\">\n<div class=\"acf-input-wrap\"><input type=\"text\" id=\"acf-field_6228ad0ead239\" name=\"acf[field_6228ad0ead239]\" placeholder=\"Wpisz swoj\u0105 afiliacj\u0119\" required=\"required\"\/><\/div><\/div>\n<\/div>\n<div class=\"acf-field acf-field-radio acf-field-6228ae21ad23a\" data-name=\"udzial_w_konferencji\" data-type=\"radio\" data-key=\"field_6228ae21ad23a\">\n<div class=\"acf-label\">\n<label id=\"acf-field_6228ae21ad23a-label\">Udzia\u0142 w konferencji<\/label><\/div>\n<div class=\"acf-input\">\n<input type=\"hidden\" name=\"acf[field_6228ae21ad23a]\"\/><ul class=\"acf-radio-list acf-bl\" data-allow_null=\"0\" data-other_choice=\"0\" role=\"radiogroup\" aria-labelledby=\"acf-field_6228ae21ad23a-label\"><li><label class=\"selected\"><input type=\"radio\" id=\"acf-field_6228ae21ad23a-czynny\" name=\"acf[field_6228ae21ad23a]\" value=\"czynny\" checked=\"checked\"\/>czynny<\/label><\/li><li><label><input type=\"radio\" id=\"acf-field_6228ae21ad23a-bierny\" name=\"acf[field_6228ae21ad23a]\" value=\"bierny\"\/>bierny<\/label><\/li><\/ul><\/div>\n<\/div>\n<div class=\"acf-field acf-field-message acf-field-6228ae5ead23b\" data-type=\"message\" data-key=\"field_6228ae5ead23b\">\n<div class=\"acf-label\">\n<\/div>\n<div class=\"acf-input\">\n<h3>Dane do faktury<\/h3>\n<\/div>\n<\/div>\n<div class=\"acf-field acf-field-textarea acf-field-6228ae96ad23c is-required\" data-name=\"dane_jednostki\" data-type=\"textarea\" data-key=\"field_6228ae96ad23c\" data-required=\"1\">\n<div class=\"acf-label\">\n<label for=\"acf-field_6228ae96ad23c\">Dane jednostki <span class=\"acf-required\">*<\/span><\/label><\/div>\n<div class=\"acf-input\">\n<textarea id=\"acf-field_6228ae96ad23c\" name=\"acf[field_6228ae96ad23c]\" placeholder=\"Wpisz dane jednostki\" rows=\"4\" required=\"required\"><\/textarea><\/div>\n<\/div>\n<div class=\"acf-field acf-field-number acf-field-6228aedead23d is-required\" data-name=\"nip\" data-type=\"number\" data-key=\"field_6228aedead23d\" data-required=\"1\">\n<div class=\"acf-label\">\n<label for=\"acf-field_6228aedead23d\">NIP <span class=\"acf-required\">*<\/span><\/label><\/div>\n<div class=\"acf-input\">\n<div class=\"acf-input-wrap\"><input type=\"number\" id=\"acf-field_6228aedead23d\" name=\"acf[field_6228aedead23d]\" step=\"any\" placeholder=\"Wpisz NIP\" required=\"required\"\/><\/div><\/div>\n<\/div>\n<div class=\"acf-field acf-field-checkbox acf-field-6228aefdad23e is-required\" data-name=\"zgoda_rodo\" data-type=\"checkbox\" data-key=\"field_6228aefdad23e\" data-required=\"1\">\n<div class=\"acf-label\">\n<label id=\"acf-field_6228aefdad23e-label\">Zgoda rodo <span class=\"acf-required\">*<\/span><\/label><\/div>\n<div class=\"acf-input\">\n<input type=\"hidden\" name=\"acf[field_6228aefdad23e]\"\/><ul class=\"acf-checkbox-list acf-bl\" role=\"group\" aria-labelledby=\"acf-field_6228aefdad23e-label\">\n<li><label><input type=\"checkbox\" id=\"acf-field_6228aefdad23e-Zgoda-na-przetwarzanie-danych-osobowych---&lt;a-href=&quot;https:\/\/uwr.edu.pl\/polityka-prywatnosci\/&quot;&gt;RODO&lt;\/a&gt;\" name=\"acf[field_6228aefdad23e][]\" value=\"Zgoda na przetwarzanie danych osobowych - &lt;a href=&quot;https:\/\/uwr.edu.pl\/polityka-prywatnosci\/&quot;&gt;RODO&lt;\/a&gt;\"\/> Zgoda na przetwarzanie danych osobowych - <a href=\"https:\/\/uwr.edu.pl\/polityka-prywatnosci\/\">RODO<\/a><\/label><\/li>\n<\/ul>\n<\/div>\n<\/div>\n<div class=\"acf-field acf-field-text acf-field--validate-email\" style=\"display:none !important;\" data-name=\"_validate_email\" data-type=\"text\" data-key=\"_validate_email\">\n<div class=\"acf-label\">\n<label for=\"acf-_validate_email\">Validate Email<\/label><\/div>\n<div class=\"acf-input\">\n<div class=\"acf-input-wrap\"><input type=\"text\" id=\"acf-_validate_email\" name=\"acf[_validate_email]\"\/><\/div><\/div>\n<\/div>\n\t\t\t\t\t\t\t<\/div>\n\t\t\t\t\t\t\t<div class=\"acf-form-submit\">\n\t\t\t\t\t<input type=\"submit\" class=\"acf-button button button-primary button-large\" value=\"Zapisz si\u0119\" \/>\t\t\t\t\t<span class=\"acf-spinner\"><\/span>\t\t\t\t<\/div>\n\t\t\t\t<\/form>\n\t\t\t<\/div>\n            <\/div>\n        <\/div>\n        \n\n\n\n<p>text&#8230;.<\/p>\n","protected":false},"excerpt":{"rendered":"<p>text&#8230;.<\/p>\n","protected":false},"author":6891,"featured_media":0,"parent":26968,"menu_order":6,"comment_status":"closed","ping_status":"closed","template":"","meta":{"_acf_changed":false,"inline_featured_image":false,"site-sidebar-layout":"default","site-content-layout":"","ast-site-content-layout":"default","site-content-style":"default","site-sidebar-style":"default","ast-global-header-display":"","ast-banner-title-visibility":"","ast-main-header-display":"","ast-hfb-above-header-display":"","ast-hfb-below-header-display":"","ast-hfb-mobile-header-display":"","site-post-title":"","ast-breadcrumbs-content":"","ast-featured-img":"","footer-sml-layout":"","ast-disable-related-posts":"","theme-transparent-header-meta":"","adv-header-id-meta":"","stick-header-meta":"","header-above-stick-meta":"","header-main-stick-meta":"","header-below-stick-meta":"","astra-migrate-meta-layouts":"default","ast-page-background-enabled":"default","ast-page-background-meta":{"desktop":{"background-color":"","background-image":"","background-repeat":"repeat","background-position":"center center","background-size":"auto","background-attachment":"scroll","background-type":"","background-media":"","overlay-type":"","overlay-color":"","overlay-opacity":"","overlay-gradient":""},"tablet":{"background-color":"","background-image":"","background-repeat":"repeat","background-position":"center center","background-size":"auto","background-attachment":"scroll","background-type":"","background-media":"","overlay-type":"","overlay-color":"","overlay-opacity":"","overlay-gradient":""},"mobile":{"background-color":"","background-image":"","background-repeat":"repeat","background-position":"center center","background-size":"auto","background-attachment":"scroll","background-type":"","background-media":"","overlay-type":"","overlay-color":"","overlay-opacity":"","overlay-gradient":""}},"ast-content-background-meta":{"desktop":{"background-color":"var(--ast-global-color-5)","background-image":"","background-repeat":"repeat","background-position":"center center","background-size":"auto","background-attachment":"scroll","background-type":"","background-media":"","overlay-type":"","overlay-color":"","overlay-opacity":"","overlay-gradient":""},"tablet":{"background-color":"var(--ast-global-color-5)","background-image":"","background-repeat":"repeat","background-position":"center center","background-size":"auto","background-attachment":"scroll","background-type":"","background-media":"","overlay-type":"","overlay-color":"","overlay-opacity":"","overlay-gradient":""},"mobile":{"background-color":"var(--ast-global-color-5)","background-image":"","background-repeat":"repeat","background-position":"center center","background-size":"auto","background-attachment":"scroll","background-type":"","background-media":"","overlay-type":"","overlay-color":"","overlay-opacity":"","overlay-gradient":""}},"footnotes":""},"categories":[],"tags":[],"class_list":["post-23742","page","type-page","status-publish","hentry"],"featured_image_urls_v2":{"full":"","thumbnail":"","medium":"","medium_large":"","large":"","1536x1536":"","2048x2048":"","menu-24x24":"","menu-36x36":"","menu-48x48":""},"post_excerpt_stackable_v2":"<p>Registration and Abstracts Konferencja Imi\u0119 * Nazwisko * E-mail * Numer telefonu * Tytu\u0142 naukowy Afiliacja * Udzia\u0142 w konferencji czynnybierny Dane do faktury Dane jednostki * NIP * Zgoda rodo * Zgoda na przetwarzanie danych osobowych &#8211; RODO Validate Email text&#8230;.<\/p>\n","category_list_v2":"Uncategorized","author_info_v2":{"name":"radoslaw.wasielewski@uwr.edu.pl","url":"https:\/\/iwsp.uwr.edu.pl\/en\/author\/radoslaw-wasielewskiuwr-edu-pl\/"},"comments_num_v2":"0 comments","acf":[],"yoast_head":"<!-- This site is optimized with the Yoast SEO plugin v27.1.1 - https:\/\/yoast.com\/product\/yoast-seo-wordpress\/ -->\n<title>Registration and Abstracts - IWSP Conference<\/title>\n<meta name=\"robots\" content=\"index, follow, max-snippet:-1, max-image-preview:large, max-video-preview:-1\" \/>\n<link rel=\"canonical\" href=\"https:\/\/iwsp.uwr.edu.pl\/en\/home\/current-events\/iwsp-2026\/registration-xi\/\" \/>\n<meta property=\"og:locale\" content=\"en_US\" \/>\n<meta property=\"og:type\" content=\"article\" \/>\n<meta property=\"og:title\" content=\"Registration and Abstracts - IWSP Conference\" \/>\n<meta property=\"og:description\" content=\"text&#8230;.\" \/>\n<meta property=\"og:url\" content=\"https:\/\/iwsp.uwr.edu.pl\/en\/home\/current-events\/iwsp-2026\/registration-xi\/\" \/>\n<meta property=\"og:site_name\" content=\"IWSP Conference\" \/>\n<meta property=\"article:modified_time\" content=\"2025-11-17T14:54:59+00:00\" \/>\n<meta name=\"twitter:card\" content=\"summary_large_image\" \/>\n<meta name=\"twitter:label1\" content=\"Est. reading time\" \/>\n\t<meta name=\"twitter:data1\" content=\"1 minute\" \/>\n<script type=\"application\/ld+json\" class=\"yoast-schema-graph\">{\"@context\":\"https:\/\/schema.org\",\"@graph\":[{\"@type\":\"WebPage\",\"@id\":\"https:\/\/iwsp.uwr.edu.pl\/en\/home\/current-events\/iwsp-2026\/registration-xi\/\",\"url\":\"https:\/\/iwsp.uwr.edu.pl\/en\/home\/current-events\/iwsp-2026\/registration-xi\/\",\"name\":\"Registration and Abstracts - IWSP Conference\",\"isPartOf\":{\"@id\":\"https:\/\/iwsp.uwr.edu.pl\/#website\"},\"datePublished\":\"2023-02-17T13:59:41+00:00\",\"dateModified\":\"2025-11-17T14:54:59+00:00\",\"breadcrumb\":{\"@id\":\"https:\/\/iwsp.uwr.edu.pl\/en\/home\/current-events\/iwsp-2026\/registration-xi\/#breadcrumb\"},\"inLanguage\":\"en-US\",\"potentialAction\":[{\"@type\":\"ReadAction\",\"target\":[\"https:\/\/iwsp.uwr.edu.pl\/en\/home\/current-events\/iwsp-2026\/registration-xi\/\"]}]},{\"@type\":\"BreadcrumbList\",\"@id\":\"https:\/\/iwsp.uwr.edu.pl\/en\/home\/current-events\/iwsp-2026\/registration-xi\/#breadcrumb\",\"itemListElement\":[{\"@type\":\"ListItem\",\"position\":1,\"name\":\"Strona g\u0142\u00f3wna\",\"item\":\"https:\/\/iwsp.uwr.edu.pl\/en\/\"},{\"@type\":\"ListItem\",\"position\":2,\"name\":\"Home\",\"item\":\"https:\/\/iwsp.uwr.edu.pl\/en\/\"},{\"@type\":\"ListItem\",\"position\":3,\"name\":\"Current Events\",\"item\":\"https:\/\/iwsp.uwr.edu.pl\/en\/site-map\/strona-glowna2-2\/current-events\/\"},{\"@type\":\"ListItem\",\"position\":4,\"name\":\"IWSP\",\"item\":\"https:\/\/iwsp.uwr.edu.pl\/en\/home\/current-events\/iwsp-2026\/\"},{\"@type\":\"ListItem\",\"position\":5,\"name\":\"Registration and Abstracts\"}]},{\"@type\":\"WebSite\",\"@id\":\"https:\/\/iwsp.uwr.edu.pl\/#website\",\"url\":\"https:\/\/iwsp.uwr.edu.pl\/\",\"name\":\"IWSP Conference\",\"description\":\"Kolejna witryna sieci \u201eUWR Witryny\u201d\",\"publisher\":{\"@id\":\"https:\/\/iwsp.uwr.edu.pl\/#organization\"},\"potentialAction\":[{\"@type\":\"SearchAction\",\"target\":{\"@type\":\"EntryPoint\",\"urlTemplate\":\"https:\/\/iwsp.uwr.edu.pl\/?s={search_term_string}\"},\"query-input\":{\"@type\":\"PropertyValueSpecification\",\"valueRequired\":true,\"valueName\":\"search_term_string\"}}],\"inLanguage\":\"en-US\"},{\"@type\":\"Organization\",\"@id\":\"https:\/\/iwsp.uwr.edu.pl\/#organization\",\"name\":\"IWSP Conference\",\"url\":\"https:\/\/iwsp.uwr.edu.pl\/\",\"logo\":{\"@type\":\"ImageObject\",\"inLanguage\":\"en-US\",\"@id\":\"https:\/\/iwsp.uwr.edu.pl\/#\/schema\/logo\/image\/\",\"url\":\"https:\/\/iwsp.uwr.edu.pl\/wp-content\/uploads\/sites\/480\/2025\/10\/UWr-logotyp-2025.png\",\"contentUrl\":\"https:\/\/iwsp.uwr.edu.pl\/wp-content\/uploads\/sites\/480\/2025\/10\/UWr-logotyp-2025.png\",\"width\":764,\"height\":269,\"caption\":\"IWSP Conference\"},\"image\":{\"@id\":\"https:\/\/iwsp.uwr.edu.pl\/#\/schema\/logo\/image\/\"}}]}<\/script>\n<!-- \/ Yoast SEO plugin. -->","yoast_head_json":{"title":"Registration and Abstracts - IWSP Conference","robots":{"index":"index","follow":"follow","max-snippet":"max-snippet:-1","max-image-preview":"max-image-preview:large","max-video-preview":"max-video-preview:-1"},"canonical":"https:\/\/iwsp.uwr.edu.pl\/en\/home\/current-events\/iwsp-2026\/registration-xi\/","og_locale":"en_US","og_type":"article","og_title":"Registration and Abstracts - IWSP Conference","og_description":"text&#8230;.","og_url":"https:\/\/iwsp.uwr.edu.pl\/en\/home\/current-events\/iwsp-2026\/registration-xi\/","og_site_name":"IWSP Conference","article_modified_time":"2025-11-17T14:54:59+00:00","twitter_card":"summary_large_image","twitter_misc":{"Est. reading time":"1 minute"},"schema":{"@context":"https:\/\/schema.org","@graph":[{"@type":"WebPage","@id":"https:\/\/iwsp.uwr.edu.pl\/en\/home\/current-events\/iwsp-2026\/registration-xi\/","url":"https:\/\/iwsp.uwr.edu.pl\/en\/home\/current-events\/iwsp-2026\/registration-xi\/","name":"Registration and Abstracts - IWSP Conference","isPartOf":{"@id":"https:\/\/iwsp.uwr.edu.pl\/#website"},"datePublished":"2023-02-17T13:59:41+00:00","dateModified":"2025-11-17T14:54:59+00:00","breadcrumb":{"@id":"https:\/\/iwsp.uwr.edu.pl\/en\/home\/current-events\/iwsp-2026\/registration-xi\/#breadcrumb"},"inLanguage":"en-US","potentialAction":[{"@type":"ReadAction","target":["https:\/\/iwsp.uwr.edu.pl\/en\/home\/current-events\/iwsp-2026\/registration-xi\/"]}]},{"@type":"BreadcrumbList","@id":"https:\/\/iwsp.uwr.edu.pl\/en\/home\/current-events\/iwsp-2026\/registration-xi\/#breadcrumb","itemListElement":[{"@type":"ListItem","position":1,"name":"Strona g\u0142\u00f3wna","item":"https:\/\/iwsp.uwr.edu.pl\/en\/"},{"@type":"ListItem","position":2,"name":"Home","item":"https:\/\/iwsp.uwr.edu.pl\/en\/"},{"@type":"ListItem","position":3,"name":"Current Events","item":"https:\/\/iwsp.uwr.edu.pl\/en\/site-map\/strona-glowna2-2\/current-events\/"},{"@type":"ListItem","position":4,"name":"IWSP","item":"https:\/\/iwsp.uwr.edu.pl\/en\/home\/current-events\/iwsp-2026\/"},{"@type":"ListItem","position":5,"name":"Registration and Abstracts"}]},{"@type":"WebSite","@id":"https:\/\/iwsp.uwr.edu.pl\/#website","url":"https:\/\/iwsp.uwr.edu.pl\/","name":"IWSP Conference","description":"Kolejna witryna sieci \u201eUWR Witryny\u201d","publisher":{"@id":"https:\/\/iwsp.uwr.edu.pl\/#organization"},"potentialAction":[{"@type":"SearchAction","target":{"@type":"EntryPoint","urlTemplate":"https:\/\/iwsp.uwr.edu.pl\/?s={search_term_string}"},"query-input":{"@type":"PropertyValueSpecification","valueRequired":true,"valueName":"search_term_string"}}],"inLanguage":"en-US"},{"@type":"Organization","@id":"https:\/\/iwsp.uwr.edu.pl\/#organization","name":"IWSP Conference","url":"https:\/\/iwsp.uwr.edu.pl\/","logo":{"@type":"ImageObject","inLanguage":"en-US","@id":"https:\/\/iwsp.uwr.edu.pl\/#\/schema\/logo\/image\/","url":"https:\/\/iwsp.uwr.edu.pl\/wp-content\/uploads\/sites\/480\/2025\/10\/UWr-logotyp-2025.png","contentUrl":"https:\/\/iwsp.uwr.edu.pl\/wp-content\/uploads\/sites\/480\/2025\/10\/UWr-logotyp-2025.png","width":764,"height":269,"caption":"IWSP Conference"},"image":{"@id":"https:\/\/iwsp.uwr.edu.pl\/#\/schema\/logo\/image\/"}}]}},"publishpress_future_action":{"enabled":false,"date":"2026-04-29 03:58:34","action":"change-status","newStatus":"draft","terms":[],"taxonomy":"category","extraData":[]},"publishpress_future_workflow_manual_trigger":{"enabledWorkflows":[]},"_links":{"self":[{"href":"https:\/\/iwsp.uwr.edu.pl\/en\/wp-json\/wp\/v2\/pages\/23742\/"}],"collection":[{"href":"https:\/\/iwsp.uwr.edu.pl\/en\/wp-json\/wp\/v2\/pages\/"}],"about":[{"href":"https:\/\/iwsp.uwr.edu.pl\/en\/wp-json\/wp\/v2\/types\/page\/"}],"author":[{"embeddable":true,"href":"https:\/\/iwsp.uwr.edu.pl\/en\/wp-json\/wp\/v2\/users\/6891\/"}],"replies":[{"embeddable":true,"href":"https:\/\/iwsp.uwr.edu.pl\/en\/wp-json\/wp\/v2\/comments\/?post=23742"}],"version-history":[{"count":8,"href":"https:\/\/iwsp.uwr.edu.pl\/en\/wp-json\/wp\/v2\/pages\/23742\/revisions\/"}],"predecessor-version":[{"id":27774,"href":"https:\/\/iwsp.uwr.edu.pl\/en\/wp-json\/wp\/v2\/pages\/23742\/revisions\/27774\/"}],"up":[{"embeddable":true,"href":"https:\/\/iwsp.uwr.edu.pl\/en\/wp-json\/wp\/v2\/pages\/26968\/"}],"wp:attachment":[{"href":"https:\/\/iwsp.uwr.edu.pl\/en\/wp-json\/wp\/v2\/media\/?parent=23742"}],"wp:term":[{"taxonomy":"category","embeddable":true,"href":"https:\/\/iwsp.uwr.edu.pl\/en\/wp-json\/wp\/v2\/categories\/?post=23742"},{"taxonomy":"post_tag","embeddable":true,"href":"https:\/\/iwsp.uwr.edu.pl\/en\/wp-json\/wp\/v2\/tags\/?post=23742"}],"curies":[{"name":"wp","href":"https:\/\/api.w.org\/{rel}","templated":true}]}}