{"id":26977,"date":"2025-10-28T11:34:49","date_gmt":"2025-10-28T10:34:49","guid":{"rendered":"https:\/\/iwsp.uwr.edu.pl\/?page_id=26977"},"modified":"2025-10-28T11:34:49","modified_gmt":"2025-10-28T10:34:49","slug":"invited-speakers-2024","status":"publish","type":"page","link":"https:\/\/iwsp.uwr.edu.pl\/en\/home\/historical-events\/iwsp-2024\/invited-speakers-2024\/","title":{"rendered":"Invited Speakers [2024]"},"content":{"rendered":"\n<div class=\"wp-block-stackable-columns stk-block-columns stk-block stk-9a36312\" data-block-id=\"9a36312\"><div class=\"stk-row stk-inner-blocks stk-block-content stk-content-align stk-9a36312-column\">\n<div class=\"wp-block-stackable-column stk-block-column stk-column stk-block stk-22d835e\" data-v=\"4\" data-block-id=\"22d835e\"><style>@media screen and (min-width:768px){.stk-22d835e{flex:var(--stk-flex-grow,1) 1 calc(36.5% - var(--stk-column-gap,0px) * 1 \/ 2 ) !important}}<\/style><div class=\"stk-column-wrapper stk-block-column__content stk-container stk-22d835e-container stk--no-background stk--no-padding\"><div class=\"stk-block-content stk-inner-blocks stk-22d835e-inner-blocks\">\n<figure class=\"wp-block-image size-large\"><img loading=\"lazy\" decoding=\"async\" width=\"1024\" height=\"576\" src=\"https:\/\/iwsp.uwr.edu.pl\/wp-content\/uploads\/sites\/480\/2023\/10\/11-1024x576.jpg\" alt=\"Speakers\" class=\"wp-image-24243\" srcset=\"https:\/\/iwsp.uwr.edu.pl\/wp-content\/uploads\/sites\/480\/2023\/10\/11-1024x576.jpg 1024w, https:\/\/iwsp.uwr.edu.pl\/wp-content\/uploads\/sites\/480\/2023\/10\/11-300x169.jpg 300w, https:\/\/iwsp.uwr.edu.pl\/wp-content\/uploads\/sites\/480\/2023\/10\/11-768x432.jpg 768w, https:\/\/iwsp.uwr.edu.pl\/wp-content\/uploads\/sites\/480\/2023\/10\/11-1536x864.jpg 1536w, https:\/\/iwsp.uwr.edu.pl\/wp-content\/uploads\/sites\/480\/2023\/10\/11-1320x743.jpg 1320w, https:\/\/iwsp.uwr.edu.pl\/wp-content\/uploads\/sites\/480\/2023\/10\/11-24x14.jpg 24w, https:\/\/iwsp.uwr.edu.pl\/wp-content\/uploads\/sites\/480\/2023\/10\/11-36x20.jpg 36w, https:\/\/iwsp.uwr.edu.pl\/wp-content\/uploads\/sites\/480\/2023\/10\/11-48x27.jpg 48w, https:\/\/iwsp.uwr.edu.pl\/wp-content\/uploads\/sites\/480\/2023\/10\/11.jpg 1920w\" sizes=\"auto, (max-width: 1024px) 100vw, 1024px\" \/><\/figure>\n<\/div><\/div><\/div>\n\n\n\n<div class=\"wp-block-stackable-column stk-block-column stk-column stk-block stk-7698ac0\" data-v=\"4\" data-block-id=\"7698ac0\"><style>@media screen and (min-width:768px){.stk-7698ac0{flex:var(--stk-flex-grow,1) 1 calc(63.5% - var(--stk-column-gap,0px) * 1 \/ 2 ) !important}}<\/style><div class=\"stk-column-wrapper stk-block-column__content stk-container stk-7698ac0-container stk--no-background stk--no-padding\"><div class=\"stk-block-content stk-inner-blocks stk-7698ac0-inner-blocks\">\n<ul class=\"wp-block-list\">\n<li><strong>Christopher Kley<\/strong>, <em>Fritz Haber Institute of the Max Planck Society, Berlin, Germany<\/em><\/li>\n<\/ul>\n\n\n\n<ul class=\"wp-block-list\">\n<li><strong>Pavel Kocan<\/strong>, <em>Charles University, Prague, Czech Republic<\/em><\/li>\n<\/ul>\n\n\n\n<ul class=\"wp-block-list\">\n<li><strong>Mariusz Krawiec<\/strong>,<em>   Maria Sk\u0142odowska-Curie University, Lublin, Poland<\/em><\/li>\n<\/ul>\n\n\n\n<ul class=\"wp-block-list\">\n<li><strong>Miko\u0142aj Lewandowski<\/strong>,    <em>NanoBioMedical&nbsp;Centre, Adam Mickiewicz University, Pozna\u0144, Poland<\/em><\/li>\n<\/ul>\n\n\n\n<ul class=\"wp-block-list\">\n<li><strong>Karina Morgenstern<\/strong>, <em>Ruhr University, Bochum, Germany<\/em><\/li>\n<\/ul>\n\n\n\n<ul class=\"wp-block-list\">\n<li><strong>Ireneusz Morawski<\/strong>, <em>University of Wroc\u0142aw, Poland<\/em><\/li>\n<\/ul>\n\n\n\n<ul class=\"wp-block-list\">\n<li><strong>Thomas M. Orlando, <\/strong><em>Georgia&nbsp;Institute&nbsp;of&nbsp;Technology,&nbsp;Atlanta,&nbsp;United States of America<\/em><br>(<em>Theodore E. Madey Award<\/em>)<\/li>\n<\/ul>\n\n\n\n<ul class=\"wp-block-list\">\n<li><strong>Yuri Suchorski<\/strong>, <em>Institut&nbsp;f\u00fcr&nbsp;Materialchemie,&nbsp;TU Wien,&nbsp;&nbsp;Austria<\/em><\/li>\n<\/ul>\n\n\n\n<ul class=\"wp-block-list\">\n<li><strong>Thorsten Wagner<\/strong>, <em>Institute of Experimental Physics, Johannes Kepler University, Austria<\/em><\/li>\n<\/ul>\n<\/div><\/div><\/div>\n<\/div><\/div>\n\n\n\n<div class=\"wp-block-stackable-divider stk-block-divider stk-block stk-e167d67\" data-block-id=\"e167d67\"><style>.stk-e167d67{margin-bottom:32px !important}<\/style><hr class=\"stk-block-divider__hr\"\/><\/div>\n\n\n\n<div class=\"wp-block-stackable-text stk-block-text stk-block stk-e6c92aa\" data-block-id=\"e6c92aa\"><style>.stk-e6c92aa{margin-bottom:34px !important}<\/style><p class=\"stk-block-text__text has-text-align-center\"><span style=\"color: #869aa8;\" class=\"stk-highlight\"><strong>Contact: <\/strong>IWSP-2024, Institute of Experimental Physics, University of Wroc\u0142aw, Pl. M. Borna 9, 50-204 Wroc\u0142aw, Poland<br><strong>e-mail:<\/strong> iwsp@uwr.edu.pl, <strong>fax:<\/strong> (+48)\u200971\u2009328\u200973\u200965, <strong>tel:<\/strong> (+48)\u200971\u2009375\u20099<span style=\"color: #869aa8;\" class=\"stk-highlight\">4\u200930, (+48)\u200971\u2009375\u200993 43, <span style=\"color: #869aa8;\" class=\"stk-highlight\">(+48)\u200971\u2009375\u200992 67<\/span><\/span><\/span><\/p><\/div>\n","protected":false},"excerpt":{"rendered":"<p>Contact: IWSP-2024, Institute of Experimental Physics, University of Wroc\u0142aw, Pl. M. Borna 9, 50-204 Wroc\u0142aw, Polande-mail: iwsp@uwr.edu.pl, fax: (+48)\u200971\u2009328\u200973\u200965, tel: (+48)\u200971\u2009375\u200994\u200930, (+48)\u200971\u2009375\u200993 43, (+48)\u200971\u2009375\u200992 67<\/p>\n","protected":false},"author":37,"featured_media":0,"parent":26941,"menu_order":4,"comment_status":"closed","ping_status":"closed","template":"","meta":{"_acf_changed":false,"inline_featured_image":false,"site-sidebar-layout":"default","site-content-layout":"","ast-site-content-layout":"default","site-content-style":"default","site-sidebar-style":"default","ast-global-header-display":"","ast-banner-title-visibility":"","ast-main-header-display":"","ast-hfb-above-header-display":"","ast-hfb-below-header-display":"","ast-hfb-mobile-header-display":"","site-post-title":"","ast-breadcrumbs-content":"","ast-featured-img":"","footer-sml-layout":"","ast-disable-related-posts":"","theme-transparent-header-meta":"","adv-header-id-meta":"","stick-header-meta":"","header-above-stick-meta":"","header-main-stick-meta":"","header-below-stick-meta":"","astra-migrate-meta-layouts":"set","ast-page-background-enabled":"default","ast-page-background-meta":{"desktop":{"background-color":"","background-image":"","background-repeat":"repeat","background-position":"center center","background-size":"auto","background-attachment":"scroll","background-type":"","background-media":"","overlay-type":"","overlay-color":"","overlay-opacity":"","overlay-gradient":""},"tablet":{"background-color":"","background-image":"","background-repeat":"repeat","background-position":"center center","background-size":"auto","background-attachment":"scroll","background-type":"","background-media":"","overlay-type":"","overlay-color":"","overlay-opacity":"","overlay-gradient":""},"mobile":{"background-color":"","background-image":"","background-repeat":"repeat","background-position":"center center","background-size":"auto","background-attachment":"scroll","background-type":"","background-media":"","overlay-type":"","overlay-color":"","overlay-opacity":"","overlay-gradient":""}},"ast-content-background-meta":{"desktop":{"background-color":"var(--ast-global-color-5)","background-image":"","background-repeat":"repeat","background-position":"center center","background-size":"auto","background-attachment":"scroll","background-type":"","background-media":"","overlay-type":"","overlay-color":"","overlay-opacity":"","overlay-gradient":""},"tablet":{"background-color":"var(--ast-global-color-5)","background-image":"","background-repeat":"repeat","background-position":"center center","background-size":"auto","background-attachment":"scroll","background-type":"","background-media":"","overlay-type":"","overlay-color":"","overlay-opacity":"","overlay-gradient":""},"mobile":{"background-color":"var(--ast-global-color-5)","background-image":"","background-repeat":"repeat","background-position":"center center","background-size":"auto","background-attachment":"scroll","background-type":"","background-media":"","overlay-type":"","overlay-color":"","overlay-opacity":"","overlay-gradient":""}},"footnotes":""},"categories":[],"tags":[],"class_list":["post-26977","page","type-page","status-publish","hentry"],"featured_image_urls_v2":{"full":"","thumbnail":"","medium":"","medium_large":"","large":"","1536x1536":"","2048x2048":"","menu-24x24":"","menu-36x36":"","menu-48x48":""},"post_excerpt_stackable_v2":"<p>Christopher Kley, Fritz Haber Institute of the Max Planck Society, Berlin, Germany Pavel Kocan, Charles University, Prague, Czech Republic Mariusz Krawiec, Maria Sk\u0142odowska-Curie University, Lublin, Poland Miko\u0142aj Lewandowski, NanoBioMedical&nbsp;Centre, Adam Mickiewicz University, Pozna\u0144, Poland Karina Morgenstern, Ruhr University, Bochum, Germany Ireneusz Morawski, University of Wroc\u0142aw, Poland Thomas M. Orlando, Georgia&nbsp;Institute&nbsp;of&nbsp;Technology,&nbsp;Atlanta,&nbsp;United States of America(Theodore E. Madey Award) Yuri Suchorski, Institut&nbsp;f\u00fcr&nbsp;Materialchemie,&nbsp;TU Wien,&nbsp;&nbsp;Austria Thorsten Wagner, Institute of Experimental Physics, Johannes Kepler University, Austria Contact: IWSP-2024, Institute of Experimental Physics, University of Wroc\u0142aw, Pl. M. Borna 9, 50-204 Wroc\u0142aw, Polande-mail: iwsp@uwr.edu.pl, fax: (+48)\u200971\u2009328\u200973\u200965, tel: (+48)\u200971\u2009375\u200994\u200930, (+48)\u200971\u2009375\u200993 43, (+48)\u200971\u2009375\u200992 67<\/p>\n","category_list_v2":"Uncategorized","author_info_v2":{"name":"Izabela Jaraszek","url":"https:\/\/iwsp.uwr.edu.pl\/en\/author\/ijaraszek\/"},"comments_num_v2":"0 comments","acf":[],"yoast_head":"<!-- This site is optimized with the Yoast SEO plugin v27.1.1 - https:\/\/yoast.com\/product\/yoast-seo-wordpress\/ -->\n<title>Invited Speakers [2024] - IWSP Conference<\/title>\n<meta name=\"robots\" content=\"index, follow, max-snippet:-1, max-image-preview:large, max-video-preview:-1\" \/>\n<link rel=\"canonical\" href=\"https:\/\/iwsp.uwr.edu.pl\/en\/site-map\/strona-glowna2-2\/historical-events\/iwsp-2024\/invited-speakers-2024\/\" \/>\n<meta property=\"og:locale\" content=\"en_US\" \/>\n<meta property=\"og:type\" content=\"article\" \/>\n<meta property=\"og:title\" content=\"Invited Speakers [2024] - IWSP Conference\" \/>\n<meta property=\"og:description\" content=\"Contact: IWSP-2024, Institute of Experimental Physics, University of Wroc\u0142aw, Pl. M. Borna 9, 50-204 Wroc\u0142aw, Polande-mail: iwsp@uwr.edu.pl, fax: (+48)\u200971\u2009328\u200973\u200965, tel: (+48)\u200971\u2009375\u200994\u200930, (+48)\u200971\u2009375\u200993 43, (+48)\u200971\u2009375\u200992 67\" \/>\n<meta property=\"og:url\" content=\"https:\/\/iwsp.uwr.edu.pl\/en\/site-map\/strona-glowna2-2\/historical-events\/iwsp-2024\/invited-speakers-2024\/\" \/>\n<meta property=\"og:site_name\" content=\"IWSP Conference\" \/>\n<meta property=\"og:image\" content=\"https:\/\/iwsp.uwr.edu.pl\/wp-content\/uploads\/sites\/480\/2023\/10\/11.jpg\" \/>\n\t<meta property=\"og:image:width\" content=\"1920\" \/>\n\t<meta property=\"og:image:height\" content=\"1080\" \/>\n\t<meta property=\"og:image:type\" content=\"image\/jpeg\" \/>\n<meta name=\"twitter:card\" content=\"summary_large_image\" \/>\n<meta name=\"twitter:label1\" content=\"Est. reading time\" \/>\n\t<meta name=\"twitter:data1\" content=\"1 minute\" \/>\n<script type=\"application\/ld+json\" class=\"yoast-schema-graph\">{\"@context\":\"https:\/\/schema.org\",\"@graph\":[{\"@type\":\"WebPage\",\"@id\":\"https:\/\/iwsp.uwr.edu.pl\/en\/site-map\/strona-glowna2-2\/historical-events\/iwsp-2024\/invited-speakers-2024\/\",\"url\":\"https:\/\/iwsp.uwr.edu.pl\/en\/site-map\/strona-glowna2-2\/historical-events\/iwsp-2024\/invited-speakers-2024\/\",\"name\":\"Invited Speakers [2024] - IWSP Conference\",\"isPartOf\":{\"@id\":\"https:\/\/iwsp.uwr.edu.pl\/#website\"},\"primaryImageOfPage\":{\"@id\":\"https:\/\/iwsp.uwr.edu.pl\/en\/site-map\/strona-glowna2-2\/historical-events\/iwsp-2024\/invited-speakers-2024\/#primaryimage\"},\"image\":{\"@id\":\"https:\/\/iwsp.uwr.edu.pl\/en\/site-map\/strona-glowna2-2\/historical-events\/iwsp-2024\/invited-speakers-2024\/#primaryimage\"},\"thumbnailUrl\":\"https:\/\/iwsp.uwr.edu.pl\/wp-content\/uploads\/sites\/480\/2023\/10\/11-1024x576.jpg\",\"datePublished\":\"2025-10-28T10:34:49+00:00\",\"breadcrumb\":{\"@id\":\"https:\/\/iwsp.uwr.edu.pl\/en\/site-map\/strona-glowna2-2\/historical-events\/iwsp-2024\/invited-speakers-2024\/#breadcrumb\"},\"inLanguage\":\"en-US\",\"potentialAction\":[{\"@type\":\"ReadAction\",\"target\":[\"https:\/\/iwsp.uwr.edu.pl\/en\/site-map\/strona-glowna2-2\/historical-events\/iwsp-2024\/invited-speakers-2024\/\"]}]},{\"@type\":\"ImageObject\",\"inLanguage\":\"en-US\",\"@id\":\"https:\/\/iwsp.uwr.edu.pl\/en\/site-map\/strona-glowna2-2\/historical-events\/iwsp-2024\/invited-speakers-2024\/#primaryimage\",\"url\":\"https:\/\/iwsp.uwr.edu.pl\/wp-content\/uploads\/sites\/480\/2023\/10\/11-1024x576.jpg\",\"contentUrl\":\"https:\/\/iwsp.uwr.edu.pl\/wp-content\/uploads\/sites\/480\/2023\/10\/11-1024x576.jpg\"},{\"@type\":\"BreadcrumbList\",\"@id\":\"https:\/\/iwsp.uwr.edu.pl\/en\/site-map\/strona-glowna2-2\/historical-events\/iwsp-2024\/invited-speakers-2024\/#breadcrumb\",\"itemListElement\":[{\"@type\":\"ListItem\",\"position\":1,\"name\":\"Strona g\u0142\u00f3wna\",\"item\":\"https:\/\/iwsp.uwr.edu.pl\/en\/\"},{\"@type\":\"ListItem\",\"position\":2,\"name\":\"Site map\",\"item\":\"https:\/\/iwsp.uwr.edu.pl\/en\/site-map\/\"},{\"@type\":\"ListItem\",\"position\":3,\"name\":\"Home\",\"item\":\"https:\/\/iwsp.uwr.edu.pl\/en\/\"},{\"@type\":\"ListItem\",\"position\":4,\"name\":\"Historical Events\",\"item\":\"https:\/\/iwsp.uwr.edu.pl\/en\/historical-events\/\"},{\"@type\":\"ListItem\",\"position\":5,\"name\":\"IWSP 2024\",\"item\":\"https:\/\/iwsp.uwr.edu.pl\/en\/historical-events\/iwsp-2024\/\"},{\"@type\":\"ListItem\",\"position\":6,\"name\":\"Invited Speakers [2024]\"}]},{\"@type\":\"WebSite\",\"@id\":\"https:\/\/iwsp.uwr.edu.pl\/#website\",\"url\":\"https:\/\/iwsp.uwr.edu.pl\/\",\"name\":\"IWSP Conference\",\"description\":\"Kolejna witryna sieci \u201eUWR Witryny\u201d\",\"publisher\":{\"@id\":\"https:\/\/iwsp.uwr.edu.pl\/#organization\"},\"potentialAction\":[{\"@type\":\"SearchAction\",\"target\":{\"@type\":\"EntryPoint\",\"urlTemplate\":\"https:\/\/iwsp.uwr.edu.pl\/?s={search_term_string}\"},\"query-input\":{\"@type\":\"PropertyValueSpecification\",\"valueRequired\":true,\"valueName\":\"search_term_string\"}}],\"inLanguage\":\"en-US\"},{\"@type\":\"Organization\",\"@id\":\"https:\/\/iwsp.uwr.edu.pl\/#organization\",\"name\":\"IWSP Conference\",\"url\":\"https:\/\/iwsp.uwr.edu.pl\/\",\"logo\":{\"@type\":\"ImageObject\",\"inLanguage\":\"en-US\",\"@id\":\"https:\/\/iwsp.uwr.edu.pl\/#\/schema\/logo\/image\/\",\"url\":\"https:\/\/iwsp.uwr.edu.pl\/wp-content\/uploads\/sites\/480\/2025\/10\/UWr-logotyp-2025.png\",\"contentUrl\":\"https:\/\/iwsp.uwr.edu.pl\/wp-content\/uploads\/sites\/480\/2025\/10\/UWr-logotyp-2025.png\",\"width\":764,\"height\":269,\"caption\":\"IWSP Conference\"},\"image\":{\"@id\":\"https:\/\/iwsp.uwr.edu.pl\/#\/schema\/logo\/image\/\"}}]}<\/script>\n<!-- \/ Yoast SEO plugin. -->","yoast_head_json":{"title":"Invited Speakers [2024] - IWSP Conference","robots":{"index":"index","follow":"follow","max-snippet":"max-snippet:-1","max-image-preview":"max-image-preview:large","max-video-preview":"max-video-preview:-1"},"canonical":"https:\/\/iwsp.uwr.edu.pl\/en\/site-map\/strona-glowna2-2\/historical-events\/iwsp-2024\/invited-speakers-2024\/","og_locale":"en_US","og_type":"article","og_title":"Invited Speakers [2024] - IWSP Conference","og_description":"Contact: IWSP-2024, Institute of Experimental Physics, University of Wroc\u0142aw, Pl. M. Borna 9, 50-204 Wroc\u0142aw, Polande-mail: iwsp@uwr.edu.pl, fax: (+48)\u200971\u2009328\u200973\u200965, tel: (+48)\u200971\u2009375\u200994\u200930, (+48)\u200971\u2009375\u200993 43, (+48)\u200971\u2009375\u200992 67","og_url":"https:\/\/iwsp.uwr.edu.pl\/en\/site-map\/strona-glowna2-2\/historical-events\/iwsp-2024\/invited-speakers-2024\/","og_site_name":"IWSP Conference","og_image":[{"width":1920,"height":1080,"url":"https:\/\/iwsp.uwr.edu.pl\/wp-content\/uploads\/sites\/480\/2023\/10\/11.jpg","type":"image\/jpeg"}],"twitter_card":"summary_large_image","twitter_misc":{"Est. reading time":"1 minute"},"schema":{"@context":"https:\/\/schema.org","@graph":[{"@type":"WebPage","@id":"https:\/\/iwsp.uwr.edu.pl\/en\/site-map\/strona-glowna2-2\/historical-events\/iwsp-2024\/invited-speakers-2024\/","url":"https:\/\/iwsp.uwr.edu.pl\/en\/site-map\/strona-glowna2-2\/historical-events\/iwsp-2024\/invited-speakers-2024\/","name":"Invited Speakers [2024] - IWSP Conference","isPartOf":{"@id":"https:\/\/iwsp.uwr.edu.pl\/#website"},"primaryImageOfPage":{"@id":"https:\/\/iwsp.uwr.edu.pl\/en\/site-map\/strona-glowna2-2\/historical-events\/iwsp-2024\/invited-speakers-2024\/#primaryimage"},"image":{"@id":"https:\/\/iwsp.uwr.edu.pl\/en\/site-map\/strona-glowna2-2\/historical-events\/iwsp-2024\/invited-speakers-2024\/#primaryimage"},"thumbnailUrl":"https:\/\/iwsp.uwr.edu.pl\/wp-content\/uploads\/sites\/480\/2023\/10\/11-1024x576.jpg","datePublished":"2025-10-28T10:34:49+00:00","breadcrumb":{"@id":"https:\/\/iwsp.uwr.edu.pl\/en\/site-map\/strona-glowna2-2\/historical-events\/iwsp-2024\/invited-speakers-2024\/#breadcrumb"},"inLanguage":"en-US","potentialAction":[{"@type":"ReadAction","target":["https:\/\/iwsp.uwr.edu.pl\/en\/site-map\/strona-glowna2-2\/historical-events\/iwsp-2024\/invited-speakers-2024\/"]}]},{"@type":"ImageObject","inLanguage":"en-US","@id":"https:\/\/iwsp.uwr.edu.pl\/en\/site-map\/strona-glowna2-2\/historical-events\/iwsp-2024\/invited-speakers-2024\/#primaryimage","url":"https:\/\/iwsp.uwr.edu.pl\/wp-content\/uploads\/sites\/480\/2023\/10\/11-1024x576.jpg","contentUrl":"https:\/\/iwsp.uwr.edu.pl\/wp-content\/uploads\/sites\/480\/2023\/10\/11-1024x576.jpg"},{"@type":"BreadcrumbList","@id":"https:\/\/iwsp.uwr.edu.pl\/en\/site-map\/strona-glowna2-2\/historical-events\/iwsp-2024\/invited-speakers-2024\/#breadcrumb","itemListElement":[{"@type":"ListItem","position":1,"name":"Strona g\u0142\u00f3wna","item":"https:\/\/iwsp.uwr.edu.pl\/en\/"},{"@type":"ListItem","position":2,"name":"Site map","item":"https:\/\/iwsp.uwr.edu.pl\/en\/site-map\/"},{"@type":"ListItem","position":3,"name":"Home","item":"https:\/\/iwsp.uwr.edu.pl\/en\/"},{"@type":"ListItem","position":4,"name":"Historical Events","item":"https:\/\/iwsp.uwr.edu.pl\/en\/historical-events\/"},{"@type":"ListItem","position":5,"name":"IWSP 2024","item":"https:\/\/iwsp.uwr.edu.pl\/en\/historical-events\/iwsp-2024\/"},{"@type":"ListItem","position":6,"name":"Invited Speakers [2024]"}]},{"@type":"WebSite","@id":"https:\/\/iwsp.uwr.edu.pl\/#website","url":"https:\/\/iwsp.uwr.edu.pl\/","name":"IWSP Conference","description":"Kolejna witryna sieci \u201eUWR Witryny\u201d","publisher":{"@id":"https:\/\/iwsp.uwr.edu.pl\/#organization"},"potentialAction":[{"@type":"SearchAction","target":{"@type":"EntryPoint","urlTemplate":"https:\/\/iwsp.uwr.edu.pl\/?s={search_term_string}"},"query-input":{"@type":"PropertyValueSpecification","valueRequired":true,"valueName":"search_term_string"}}],"inLanguage":"en-US"},{"@type":"Organization","@id":"https:\/\/iwsp.uwr.edu.pl\/#organization","name":"IWSP Conference","url":"https:\/\/iwsp.uwr.edu.pl\/","logo":{"@type":"ImageObject","inLanguage":"en-US","@id":"https:\/\/iwsp.uwr.edu.pl\/#\/schema\/logo\/image\/","url":"https:\/\/iwsp.uwr.edu.pl\/wp-content\/uploads\/sites\/480\/2025\/10\/UWr-logotyp-2025.png","contentUrl":"https:\/\/iwsp.uwr.edu.pl\/wp-content\/uploads\/sites\/480\/2025\/10\/UWr-logotyp-2025.png","width":764,"height":269,"caption":"IWSP Conference"},"image":{"@id":"https:\/\/iwsp.uwr.edu.pl\/#\/schema\/logo\/image\/"}}]}},"publishpress_future_action":{"enabled":false,"date":"2026-04-29 02:12:33","action":"change-status","newStatus":"draft","terms":[],"taxonomy":"category","extraData":[]},"publishpress_future_workflow_manual_trigger":{"enabledWorkflows":[]},"_links":{"self":[{"href":"https:\/\/iwsp.uwr.edu.pl\/en\/wp-json\/wp\/v2\/pages\/26977\/"}],"collection":[{"href":"https:\/\/iwsp.uwr.edu.pl\/en\/wp-json\/wp\/v2\/pages\/"}],"about":[{"href":"https:\/\/iwsp.uwr.edu.pl\/en\/wp-json\/wp\/v2\/types\/page\/"}],"author":[{"embeddable":true,"href":"https:\/\/iwsp.uwr.edu.pl\/en\/wp-json\/wp\/v2\/users\/37\/"}],"replies":[{"embeddable":true,"href":"https:\/\/iwsp.uwr.edu.pl\/en\/wp-json\/wp\/v2\/comments\/?post=26977"}],"version-history":[{"count":1,"href":"https:\/\/iwsp.uwr.edu.pl\/en\/wp-json\/wp\/v2\/pages\/26977\/revisions\/"}],"predecessor-version":[{"id":27001,"href":"https:\/\/iwsp.uwr.edu.pl\/en\/wp-json\/wp\/v2\/pages\/26977\/revisions\/27001\/"}],"up":[{"embeddable":true,"href":"https:\/\/iwsp.uwr.edu.pl\/en\/wp-json\/wp\/v2\/pages\/26941\/"}],"wp:attachment":[{"href":"https:\/\/iwsp.uwr.edu.pl\/en\/wp-json\/wp\/v2\/media\/?parent=26977"}],"wp:term":[{"taxonomy":"category","embeddable":true,"href":"https:\/\/iwsp.uwr.edu.pl\/en\/wp-json\/wp\/v2\/categories\/?post=26977"},{"taxonomy":"post_tag","embeddable":true,"href":"https:\/\/iwsp.uwr.edu.pl\/en\/wp-json\/wp\/v2\/tags\/?post=26977"}],"curies":[{"name":"wp","href":"https:\/\/api.w.org\/{rel}","templated":true}]}}