{"id":26980,"date":"2025-10-28T11:35:08","date_gmt":"2025-10-28T10:35:08","guid":{"rendered":"https:\/\/iwsp.uwr.edu.pl\/?page_id=26980"},"modified":"2025-10-28T11:35:08","modified_gmt":"2025-10-28T10:35:08","slug":"program-2024","status":"publish","type":"page","link":"https:\/\/iwsp.uwr.edu.pl\/en\/home\/historical-events\/iwsp-2024\/program-2024\/","title":{"rendered":"Program [2024]"},"content":{"rendered":"\n<div class=\"alignfull wp-block-ugb-container ugb-container bs-konferencje-akordeony ugb-12c4a27 ugb-container--v2 ugb-container--design-plain ugb-main-block\"><style>@media screen and (min-width:768px){.ugb-12c4a27.ugb-container{margin-bottom:0px !important;padding-right:0px !important;padding-bottom:50px !important;padding-left:0px !important}}@media screen and (min-width:768px){.ugb-12c4a27 > .ugb-inner-block > .ugb-block-content > *{padding-top:0px !important;padding-bottom:0px !important;padding-right:0px !important;padding-left:0px !important}}<\/style><div class=\"ugb-inner-block\"><div class=\"ugb-block-content\"><div class=\"ugb-container__wrapper ugb-12c4a27-wrapper\"><div class=\"ugb-container__side\"><div class=\"ugb-container__content-wrapper ugb-12c4a27-content-wrapper\">\n<div class=\"wp-block-media-text alignwide is-stacked-on-mobile is-vertically-aligned-top is-image-fill bs-naglowek-szablonu-kolumny\"><figure class=\"wp-block-media-text__media\" style=\"background-image:url(https:\/\/iwsp.uwr.edu.pl\/wp-content\/uploads\/sites\/480\/2023\/10\/14-1024x576.jpg);background-position:50% 50%\"><img loading=\"lazy\" decoding=\"async\" width=\"1024\" height=\"576\" src=\"https:\/\/iwsp.uwr.edu.pl\/wp-content\/uploads\/sites\/480\/2023\/10\/14-1024x576.jpg\" alt=\"Program\" class=\"wp-image-24258 size-full\" srcset=\"https:\/\/iwsp.uwr.edu.pl\/wp-content\/uploads\/sites\/480\/2023\/10\/14-1024x576.jpg 1024w, https:\/\/iwsp.uwr.edu.pl\/wp-content\/uploads\/sites\/480\/2023\/10\/14-300x169.jpg 300w, https:\/\/iwsp.uwr.edu.pl\/wp-content\/uploads\/sites\/480\/2023\/10\/14-768x432.jpg 768w, https:\/\/iwsp.uwr.edu.pl\/wp-content\/uploads\/sites\/480\/2023\/10\/14-1536x864.jpg 1536w, https:\/\/iwsp.uwr.edu.pl\/wp-content\/uploads\/sites\/480\/2023\/10\/14-1320x743.jpg 1320w, https:\/\/iwsp.uwr.edu.pl\/wp-content\/uploads\/sites\/480\/2023\/10\/14-24x14.jpg 24w, https:\/\/iwsp.uwr.edu.pl\/wp-content\/uploads\/sites\/480\/2023\/10\/14-36x20.jpg 36w, https:\/\/iwsp.uwr.edu.pl\/wp-content\/uploads\/sites\/480\/2023\/10\/14-48x27.jpg 48w, https:\/\/iwsp.uwr.edu.pl\/wp-content\/uploads\/sites\/480\/2023\/10\/14.jpg 1920w\" sizes=\"auto, (max-width: 1024px) 100vw, 1024px\" \/><\/figure><div class=\"wp-block-media-text__content\">\n<div class=\"wp-block-bonasoft-modular-breadcrumbs-block\"><div class=\"bs_add_breadcrumb_trail\"><\/div><\/div>\n\n\n\n<hr class=\"wp-block-separator has-text-color has-black-color has-css-opacity has-black-background-color has-background is-style-wide bs-border-kontakt\"\/>\n\n\n<h1 style=\"font-style:normal;font-weight:700;\" class=\"bs-naglowek-podstrony wp-block-post-title\">Program [2024]<\/h1>\n\n\n<figure class=\"wp-block-image size-full is-resized\"><a href=\"https:\/\/iwsp.uwr.edu.pl\/wp-content\/uploads\/sites\/480\/2024\/09\/IWSP2024_current-programme-2.jpg\" target=\"_blank\" rel=\"noreferrer noopener\"><img loading=\"lazy\" decoding=\"async\" width=\"1754\" height=\"1240\" src=\"https:\/\/iwsp.uwr.edu.pl\/wp-content\/uploads\/sites\/480\/2024\/09\/IWSP2024_current-programme-2.jpg\" alt=\"IWSP-2024 programme\" class=\"wp-image-26702\" style=\"width:540px;height:auto\" srcset=\"https:\/\/iwsp.uwr.edu.pl\/wp-content\/uploads\/sites\/480\/2024\/09\/IWSP2024_current-programme-2.jpg 1754w, https:\/\/iwsp.uwr.edu.pl\/wp-content\/uploads\/sites\/480\/2024\/09\/IWSP2024_current-programme-2-300x212.jpg 300w, https:\/\/iwsp.uwr.edu.pl\/wp-content\/uploads\/sites\/480\/2024\/09\/IWSP2024_current-programme-2-1024x724.jpg 1024w, https:\/\/iwsp.uwr.edu.pl\/wp-content\/uploads\/sites\/480\/2024\/09\/IWSP2024_current-programme-2-768x543.jpg 768w, https:\/\/iwsp.uwr.edu.pl\/wp-content\/uploads\/sites\/480\/2024\/09\/IWSP2024_current-programme-2-1536x1086.jpg 1536w, https:\/\/iwsp.uwr.edu.pl\/wp-content\/uploads\/sites\/480\/2024\/09\/IWSP2024_current-programme-2-1320x933.jpg 1320w, https:\/\/iwsp.uwr.edu.pl\/wp-content\/uploads\/sites\/480\/2024\/09\/IWSP2024_current-programme-2-24x17.jpg 24w, https:\/\/iwsp.uwr.edu.pl\/wp-content\/uploads\/sites\/480\/2024\/09\/IWSP2024_current-programme-2-36x25.jpg 36w, https:\/\/iwsp.uwr.edu.pl\/wp-content\/uploads\/sites\/480\/2024\/09\/IWSP2024_current-programme-2-48x34.jpg 48w\" sizes=\"auto, (max-width: 1754px) 100vw, 1754px\" \/><\/a><\/figure>\n\n\n\n<h2 class=\"wp-block-heading\"><strong><a href=\"https:\/\/iwsp.uwr.edu.pl\/wp-content\/uploads\/sites\/480\/2024\/09\/abstract_book_online.pdf\">Book of Abstracts<\/a><\/strong><\/h2>\n<\/div><\/div>\n\n\n\n<div class=\"wp-block-ugb-container ugb-container bs-strona-konferencje ugb-002ab8b ugb-container--v2 ugb-container--design-plain ugb-main-block\"><style>@media screen and (min-width:768px){.ugb-002ab8b.ugb-container{margin-bottom:0% !important;margin-right:6% !important;margin-left:6% !important}}@media screen and (min-width:768px){.ugb-002ab8b > .ugb-inner-block > .ugb-block-content > *{padding-top:0px !important;padding-bottom:0px !important;padding-right:0px !important;padding-left:0px !important}}<\/style><div class=\"ugb-inner-block\"><div class=\"ugb-block-content\"><div class=\"ugb-container__wrapper ugb-002ab8b-wrapper\"><div class=\"ugb-container__side\"><div class=\"ugb-container__content-wrapper ugb-002ab8b-content-wrapper\">\n<div class=\"wp-block-ugb-accordion ugb-accordion ugb-e838b97 ugb-accordion--v2 ugb-accordion--design-plain ugb-accordion--single-open ugb-main-block\" aria-expanded=\"false\"><style>.ugb-e838b97 .ugb-accordion__title{line-height:1em !important}.ugb-e838b97 .ugb-accordion__arrow{fill:#ffffff}.ugb-e838b97 .ugb-accordion__item{border:none !important}@media screen and (min-width:768px){.ugb-e838b97.ugb-accordion{margin-top:0px !important;margin-bottom:0px !important;margin-right:0px !important;margin-left:0px !important;padding-top:0px !important;padding-right:0px !important;padding-bottom:0px !important;padding-left:0px !important}}<\/style><div class=\"ugb-inner-block\"><div class=\"ugb-block-content\"><div class=\"ugb-accordion__item\"><div class=\"ugb-accordion__heading\" role=\"button\" tabindex=\"0\"><h3 class=\"ugb-accordion__title\">The bus to Niemcza leaves from M. Borna Square at 4 p.m. on September 22, 2024.<\/h3><svg xmlns=\"http:\/\/www.w3.org\/2000\/svg\" viewBox=\"0 0 20 20\" class=\"ugb-accordion__arrow\" width=\"20\" height=\"20\"><path d=\"M16.7 3.3L10 10 3.3 3.4 0 6.7l10 10v-.1l10-9.9z\"><\/path><\/svg><\/div><div class=\"ugb-accordion__content\" role=\"region\"><div class=\"ugb-accordion__content-inner\">\n<p>Please let us know if you will be in Wroc\u0142aw later &#8211; we will advise you how to get to Niemcza<\/p>\n<\/div><\/div><\/div><\/div><\/div><\/div>\n\n\n\n<p><\/p>\n<\/div><\/div><\/div><\/div><\/div><\/div>\n\n\n\n<div class=\"wp-block-ugb-container ugb-container bs-strona-konferencje ugb-f064f7f ugb-container--v2 ugb-container--design-plain ugb-main-block\"><style>@media screen and (min-width:768px){.ugb-f064f7f.ugb-container{margin-bottom:0% !important;margin-right:6% !important;margin-left:6% !important}}@media screen and (min-width:768px){.ugb-f064f7f > .ugb-inner-block > .ugb-block-content > *{padding-top:0px !important;padding-bottom:0px !important;padding-right:0px !important;padding-left:0px !important}}<\/style><div class=\"ugb-inner-block\"><div class=\"ugb-block-content\"><div class=\"ugb-container__wrapper ugb-f064f7f-wrapper\"><div class=\"ugb-container__side\"><div class=\"ugb-container__content-wrapper ugb-f064f7f-content-wrapper\">\n<div class=\"wp-block-ugb-accordion ugb-accordion ugb-43dfd16 ugb-accordion--v2 ugb-accordion--design-plain ugb-accordion--single-open ugb-main-block\" aria-expanded=\"false\"><style>.ugb-43dfd16 .ugb-accordion__title{line-height:1em !important}.ugb-43dfd16 .ugb-accordion__arrow{fill:#ffffff}.ugb-43dfd16 .ugb-accordion__item{border:none !important}@media screen and (min-width:768px){.ugb-43dfd16.ugb-accordion{margin-top:0px !important;margin-bottom:0px !important;margin-right:0px !important;margin-left:0px !important;padding-top:0px !important;padding-right:0px !important;padding-bottom:0px !important;padding-left:0px !important}}<\/style><div class=\"ugb-inner-block\"><div class=\"ugb-block-content\"><div class=\"ugb-accordion__item\"><div class=\"ugb-accordion__heading\" role=\"button\" tabindex=\"0\"><h3 class=\"ugb-accordion__title\">The bus to Wroc\u0142aw leaves from Niemcza Hotel at 1:05 p.m. on September 26, 2024.<\/h3><svg xmlns=\"http:\/\/www.w3.org\/2000\/svg\" viewBox=\"0 0 20 20\" class=\"ugb-accordion__arrow\" width=\"20\" height=\"20\"><path d=\"M16.7 3.3L10 10 3.3 3.4 0 6.7l10 10v-.1l10-9.9z\"><\/path><\/svg><\/div><div class=\"ugb-accordion__content\" role=\"region\"><div class=\"ugb-accordion__content-inner\">\n<p>Please let us know if you need to be in Wroc\u0142aw earlier &#8211; we will advise you on the best way to get there.<\/p>\n<\/div><\/div><\/div><\/div><\/div><\/div>\n<\/div><\/div><\/div><\/div><\/div><\/div>\n<\/div><\/div><\/div><\/div><\/div><\/div>\n","protected":false},"excerpt":{"rendered":"<p>Book of Abstracts Please let us know if you will be in Wroc\u0142aw later &#8211; we will advise you how to get to Niemcza Please let us know if you need to be in Wroc\u0142aw earlier &#8211; we will advise you on the best way to get there.<\/p>\n","protected":false},"author":37,"featured_media":0,"parent":26941,"menu_order":4,"comment_status":"closed","ping_status":"closed","template":"","meta":{"_acf_changed":false,"inline_featured_image":false,"site-sidebar-layout":"default","site-content-layout":"","ast-site-content-layout":"default","site-content-style":"default","site-sidebar-style":"default","ast-global-header-display":"","ast-banner-title-visibility":"","ast-main-header-display":"","ast-hfb-above-header-display":"","ast-hfb-below-header-display":"","ast-hfb-mobile-header-display":"","site-post-title":"","ast-breadcrumbs-content":"","ast-featured-img":"","footer-sml-layout":"","ast-disable-related-posts":"","theme-transparent-header-meta":"","adv-header-id-meta":"","stick-header-meta":"","header-above-stick-meta":"","header-main-stick-meta":"","header-below-stick-meta":"","astra-migrate-meta-layouts":"set","ast-page-background-enabled":"default","ast-page-background-meta":{"desktop":{"background-color":"","background-image":"","background-repeat":"repeat","background-position":"center center","background-size":"auto","background-attachment":"scroll","background-type":"","background-media":"","overlay-type":"","overlay-color":"","overlay-opacity":"","overlay-gradient":""},"tablet":{"background-color":"","background-image":"","background-repeat":"repeat","background-position":"center center","background-size":"auto","background-attachment":"scroll","background-type":"","background-media":"","overlay-type":"","overlay-color":"","overlay-opacity":"","overlay-gradient":""},"mobile":{"background-color":"","background-image":"","background-repeat":"repeat","background-position":"center center","background-size":"auto","background-attachment":"scroll","background-type":"","background-media":"","overlay-type":"","overlay-color":"","overlay-opacity":"","overlay-gradient":""}},"ast-content-background-meta":{"desktop":{"background-color":"var(--ast-global-color-5)","background-image":"","background-repeat":"repeat","background-position":"center center","background-size":"auto","background-attachment":"scroll","background-type":"","background-media":"","overlay-type":"","overlay-color":"","overlay-opacity":"","overlay-gradient":""},"tablet":{"background-color":"var(--ast-global-color-5)","background-image":"","background-repeat":"repeat","background-position":"center center","background-size":"auto","background-attachment":"scroll","background-type":"","background-media":"","overlay-type":"","overlay-color":"","overlay-opacity":"","overlay-gradient":""},"mobile":{"background-color":"var(--ast-global-color-5)","background-image":"","background-repeat":"repeat","background-position":"center center","background-size":"auto","background-attachment":"scroll","background-type":"","background-media":"","overlay-type":"","overlay-color":"","overlay-opacity":"","overlay-gradient":""}},"footnotes":""},"categories":[],"tags":[],"class_list":["post-26980","page","type-page","status-publish","hentry"],"featured_image_urls_v2":{"full":"","thumbnail":"","medium":"","medium_large":"","large":"","1536x1536":"","2048x2048":"","menu-24x24":"","menu-36x36":"","menu-48x48":""},"post_excerpt_stackable_v2":"<p>Program [2024] Book of Abstracts The bus to Niemcza leaves from M. Borna Square at 4 p.m. on September 22, 2024. Please let us know if you will be in Wroc\u0142aw later &#8211; we will advise you how to get to Niemcza The bus to Wroc\u0142aw leaves from Niemcza Hotel at 1:05 p.m. on September 26, 2024. Please let us know if you need to be in Wroc\u0142aw earlier &#8211; we will advise you on the best way to get there.<\/p>\n","category_list_v2":"Uncategorized","author_info_v2":{"name":"Izabela Jaraszek","url":"https:\/\/iwsp.uwr.edu.pl\/en\/author\/ijaraszek\/"},"comments_num_v2":"0 comments","acf":[],"yoast_head":"<!-- This site is optimized with the Yoast SEO plugin v27.1.1 - https:\/\/yoast.com\/product\/yoast-seo-wordpress\/ -->\n<title>Program [2024] - IWSP Conference<\/title>\n<meta name=\"robots\" content=\"index, follow, max-snippet:-1, max-image-preview:large, max-video-preview:-1\" \/>\n<link rel=\"canonical\" href=\"https:\/\/iwsp.uwr.edu.pl\/en\/site-map\/strona-glowna2-2\/historical-events\/iwsp-2024\/program-2024\/\" \/>\n<meta property=\"og:locale\" content=\"en_US\" \/>\n<meta property=\"og:type\" content=\"article\" \/>\n<meta property=\"og:title\" content=\"Program [2024] - IWSP Conference\" \/>\n<meta property=\"og:description\" content=\"Book of Abstracts Please let us know if you will be in Wroc\u0142aw later &#8211; we will advise you how to get to Niemcza Please let us know if you need to be in Wroc\u0142aw earlier &#8211; we will advise you on the best way to get there.\" \/>\n<meta property=\"og:url\" content=\"https:\/\/iwsp.uwr.edu.pl\/en\/site-map\/strona-glowna2-2\/historical-events\/iwsp-2024\/program-2024\/\" \/>\n<meta property=\"og:site_name\" content=\"IWSP Conference\" \/>\n<meta property=\"og:image\" content=\"https:\/\/iwsp.uwr.edu.pl\/wp-content\/uploads\/sites\/480\/2023\/10\/14.jpg\" \/>\n\t<meta property=\"og:image:width\" content=\"1920\" \/>\n\t<meta property=\"og:image:height\" content=\"1080\" \/>\n\t<meta property=\"og:image:type\" content=\"image\/jpeg\" \/>\n<meta name=\"twitter:card\" content=\"summary_large_image\" \/>\n<meta name=\"twitter:label1\" content=\"Est. reading time\" \/>\n\t<meta name=\"twitter:data1\" content=\"1 minute\" \/>\n<script type=\"application\/ld+json\" class=\"yoast-schema-graph\">{\"@context\":\"https:\/\/schema.org\",\"@graph\":[{\"@type\":\"WebPage\",\"@id\":\"https:\/\/iwsp.uwr.edu.pl\/en\/site-map\/strona-glowna2-2\/historical-events\/iwsp-2024\/program-2024\/\",\"url\":\"https:\/\/iwsp.uwr.edu.pl\/en\/site-map\/strona-glowna2-2\/historical-events\/iwsp-2024\/program-2024\/\",\"name\":\"Program [2024] - IWSP Conference\",\"isPartOf\":{\"@id\":\"https:\/\/iwsp.uwr.edu.pl\/#website\"},\"primaryImageOfPage\":{\"@id\":\"https:\/\/iwsp.uwr.edu.pl\/en\/site-map\/strona-glowna2-2\/historical-events\/iwsp-2024\/program-2024\/#primaryimage\"},\"image\":{\"@id\":\"https:\/\/iwsp.uwr.edu.pl\/en\/site-map\/strona-glowna2-2\/historical-events\/iwsp-2024\/program-2024\/#primaryimage\"},\"thumbnailUrl\":\"https:\/\/iwsp.uwr.edu.pl\/wp-content\/uploads\/sites\/480\/2023\/10\/14-1024x576.jpg\",\"datePublished\":\"2025-10-28T10:35:08+00:00\",\"breadcrumb\":{\"@id\":\"https:\/\/iwsp.uwr.edu.pl\/en\/site-map\/strona-glowna2-2\/historical-events\/iwsp-2024\/program-2024\/#breadcrumb\"},\"inLanguage\":\"en-US\",\"potentialAction\":[{\"@type\":\"ReadAction\",\"target\":[\"https:\/\/iwsp.uwr.edu.pl\/en\/site-map\/strona-glowna2-2\/historical-events\/iwsp-2024\/program-2024\/\"]}]},{\"@type\":\"ImageObject\",\"inLanguage\":\"en-US\",\"@id\":\"https:\/\/iwsp.uwr.edu.pl\/en\/site-map\/strona-glowna2-2\/historical-events\/iwsp-2024\/program-2024\/#primaryimage\",\"url\":\"https:\/\/iwsp.uwr.edu.pl\/wp-content\/uploads\/sites\/480\/2023\/10\/14-1024x576.jpg\",\"contentUrl\":\"https:\/\/iwsp.uwr.edu.pl\/wp-content\/uploads\/sites\/480\/2023\/10\/14-1024x576.jpg\"},{\"@type\":\"BreadcrumbList\",\"@id\":\"https:\/\/iwsp.uwr.edu.pl\/en\/site-map\/strona-glowna2-2\/historical-events\/iwsp-2024\/program-2024\/#breadcrumb\",\"itemListElement\":[{\"@type\":\"ListItem\",\"position\":1,\"name\":\"Strona g\u0142\u00f3wna\",\"item\":\"https:\/\/iwsp.uwr.edu.pl\/en\/\"},{\"@type\":\"ListItem\",\"position\":2,\"name\":\"Site map\",\"item\":\"https:\/\/iwsp.uwr.edu.pl\/en\/site-map\/\"},{\"@type\":\"ListItem\",\"position\":3,\"name\":\"Home\",\"item\":\"https:\/\/iwsp.uwr.edu.pl\/en\/\"},{\"@type\":\"ListItem\",\"position\":4,\"name\":\"Historical Events\",\"item\":\"https:\/\/iwsp.uwr.edu.pl\/en\/historical-events\/\"},{\"@type\":\"ListItem\",\"position\":5,\"name\":\"IWSP 2024\",\"item\":\"https:\/\/iwsp.uwr.edu.pl\/en\/historical-events\/iwsp-2024\/\"},{\"@type\":\"ListItem\",\"position\":6,\"name\":\"Program [2024]\"}]},{\"@type\":\"WebSite\",\"@id\":\"https:\/\/iwsp.uwr.edu.pl\/#website\",\"url\":\"https:\/\/iwsp.uwr.edu.pl\/\",\"name\":\"IWSP Conference\",\"description\":\"Kolejna witryna sieci \u201eUWR Witryny\u201d\",\"publisher\":{\"@id\":\"https:\/\/iwsp.uwr.edu.pl\/#organization\"},\"potentialAction\":[{\"@type\":\"SearchAction\",\"target\":{\"@type\":\"EntryPoint\",\"urlTemplate\":\"https:\/\/iwsp.uwr.edu.pl\/?s={search_term_string}\"},\"query-input\":{\"@type\":\"PropertyValueSpecification\",\"valueRequired\":true,\"valueName\":\"search_term_string\"}}],\"inLanguage\":\"en-US\"},{\"@type\":\"Organization\",\"@id\":\"https:\/\/iwsp.uwr.edu.pl\/#organization\",\"name\":\"IWSP Conference\",\"url\":\"https:\/\/iwsp.uwr.edu.pl\/\",\"logo\":{\"@type\":\"ImageObject\",\"inLanguage\":\"en-US\",\"@id\":\"https:\/\/iwsp.uwr.edu.pl\/#\/schema\/logo\/image\/\",\"url\":\"https:\/\/iwsp.uwr.edu.pl\/wp-content\/uploads\/sites\/480\/2025\/10\/UWr-logotyp-2025.png\",\"contentUrl\":\"https:\/\/iwsp.uwr.edu.pl\/wp-content\/uploads\/sites\/480\/2025\/10\/UWr-logotyp-2025.png\",\"width\":764,\"height\":269,\"caption\":\"IWSP Conference\"},\"image\":{\"@id\":\"https:\/\/iwsp.uwr.edu.pl\/#\/schema\/logo\/image\/\"}}]}<\/script>\n<!-- \/ Yoast SEO plugin. -->","yoast_head_json":{"title":"Program [2024] - IWSP Conference","robots":{"index":"index","follow":"follow","max-snippet":"max-snippet:-1","max-image-preview":"max-image-preview:large","max-video-preview":"max-video-preview:-1"},"canonical":"https:\/\/iwsp.uwr.edu.pl\/en\/site-map\/strona-glowna2-2\/historical-events\/iwsp-2024\/program-2024\/","og_locale":"en_US","og_type":"article","og_title":"Program [2024] - IWSP Conference","og_description":"Book of Abstracts Please let us know if you will be in Wroc\u0142aw later &#8211; we will advise you how to get to Niemcza Please let us know if you need to be in Wroc\u0142aw earlier &#8211; we will advise you on the best way to get there.","og_url":"https:\/\/iwsp.uwr.edu.pl\/en\/site-map\/strona-glowna2-2\/historical-events\/iwsp-2024\/program-2024\/","og_site_name":"IWSP Conference","og_image":[{"width":1920,"height":1080,"url":"https:\/\/iwsp.uwr.edu.pl\/wp-content\/uploads\/sites\/480\/2023\/10\/14.jpg","type":"image\/jpeg"}],"twitter_card":"summary_large_image","twitter_misc":{"Est. reading time":"1 minute"},"schema":{"@context":"https:\/\/schema.org","@graph":[{"@type":"WebPage","@id":"https:\/\/iwsp.uwr.edu.pl\/en\/site-map\/strona-glowna2-2\/historical-events\/iwsp-2024\/program-2024\/","url":"https:\/\/iwsp.uwr.edu.pl\/en\/site-map\/strona-glowna2-2\/historical-events\/iwsp-2024\/program-2024\/","name":"Program [2024] - IWSP Conference","isPartOf":{"@id":"https:\/\/iwsp.uwr.edu.pl\/#website"},"primaryImageOfPage":{"@id":"https:\/\/iwsp.uwr.edu.pl\/en\/site-map\/strona-glowna2-2\/historical-events\/iwsp-2024\/program-2024\/#primaryimage"},"image":{"@id":"https:\/\/iwsp.uwr.edu.pl\/en\/site-map\/strona-glowna2-2\/historical-events\/iwsp-2024\/program-2024\/#primaryimage"},"thumbnailUrl":"https:\/\/iwsp.uwr.edu.pl\/wp-content\/uploads\/sites\/480\/2023\/10\/14-1024x576.jpg","datePublished":"2025-10-28T10:35:08+00:00","breadcrumb":{"@id":"https:\/\/iwsp.uwr.edu.pl\/en\/site-map\/strona-glowna2-2\/historical-events\/iwsp-2024\/program-2024\/#breadcrumb"},"inLanguage":"en-US","potentialAction":[{"@type":"ReadAction","target":["https:\/\/iwsp.uwr.edu.pl\/en\/site-map\/strona-glowna2-2\/historical-events\/iwsp-2024\/program-2024\/"]}]},{"@type":"ImageObject","inLanguage":"en-US","@id":"https:\/\/iwsp.uwr.edu.pl\/en\/site-map\/strona-glowna2-2\/historical-events\/iwsp-2024\/program-2024\/#primaryimage","url":"https:\/\/iwsp.uwr.edu.pl\/wp-content\/uploads\/sites\/480\/2023\/10\/14-1024x576.jpg","contentUrl":"https:\/\/iwsp.uwr.edu.pl\/wp-content\/uploads\/sites\/480\/2023\/10\/14-1024x576.jpg"},{"@type":"BreadcrumbList","@id":"https:\/\/iwsp.uwr.edu.pl\/en\/site-map\/strona-glowna2-2\/historical-events\/iwsp-2024\/program-2024\/#breadcrumb","itemListElement":[{"@type":"ListItem","position":1,"name":"Strona g\u0142\u00f3wna","item":"https:\/\/iwsp.uwr.edu.pl\/en\/"},{"@type":"ListItem","position":2,"name":"Site map","item":"https:\/\/iwsp.uwr.edu.pl\/en\/site-map\/"},{"@type":"ListItem","position":3,"name":"Home","item":"https:\/\/iwsp.uwr.edu.pl\/en\/"},{"@type":"ListItem","position":4,"name":"Historical Events","item":"https:\/\/iwsp.uwr.edu.pl\/en\/historical-events\/"},{"@type":"ListItem","position":5,"name":"IWSP 2024","item":"https:\/\/iwsp.uwr.edu.pl\/en\/historical-events\/iwsp-2024\/"},{"@type":"ListItem","position":6,"name":"Program [2024]"}]},{"@type":"WebSite","@id":"https:\/\/iwsp.uwr.edu.pl\/#website","url":"https:\/\/iwsp.uwr.edu.pl\/","name":"IWSP Conference","description":"Kolejna witryna sieci \u201eUWR Witryny\u201d","publisher":{"@id":"https:\/\/iwsp.uwr.edu.pl\/#organization"},"potentialAction":[{"@type":"SearchAction","target":{"@type":"EntryPoint","urlTemplate":"https:\/\/iwsp.uwr.edu.pl\/?s={search_term_string}"},"query-input":{"@type":"PropertyValueSpecification","valueRequired":true,"valueName":"search_term_string"}}],"inLanguage":"en-US"},{"@type":"Organization","@id":"https:\/\/iwsp.uwr.edu.pl\/#organization","name":"IWSP Conference","url":"https:\/\/iwsp.uwr.edu.pl\/","logo":{"@type":"ImageObject","inLanguage":"en-US","@id":"https:\/\/iwsp.uwr.edu.pl\/#\/schema\/logo\/image\/","url":"https:\/\/iwsp.uwr.edu.pl\/wp-content\/uploads\/sites\/480\/2025\/10\/UWr-logotyp-2025.png","contentUrl":"https:\/\/iwsp.uwr.edu.pl\/wp-content\/uploads\/sites\/480\/2025\/10\/UWr-logotyp-2025.png","width":764,"height":269,"caption":"IWSP Conference"},"image":{"@id":"https:\/\/iwsp.uwr.edu.pl\/#\/schema\/logo\/image\/"}}]}},"publishpress_future_action":{"enabled":false,"date":"2026-04-28 16:09:49","action":"change-status","newStatus":"draft","terms":[],"taxonomy":"category","extraData":[]},"publishpress_future_workflow_manual_trigger":{"enabledWorkflows":[]},"_links":{"self":[{"href":"https:\/\/iwsp.uwr.edu.pl\/en\/wp-json\/wp\/v2\/pages\/26980\/"}],"collection":[{"href":"https:\/\/iwsp.uwr.edu.pl\/en\/wp-json\/wp\/v2\/pages\/"}],"about":[{"href":"https:\/\/iwsp.uwr.edu.pl\/en\/wp-json\/wp\/v2\/types\/page\/"}],"author":[{"embeddable":true,"href":"https:\/\/iwsp.uwr.edu.pl\/en\/wp-json\/wp\/v2\/users\/37\/"}],"replies":[{"embeddable":true,"href":"https:\/\/iwsp.uwr.edu.pl\/en\/wp-json\/wp\/v2\/comments\/?post=26980"}],"version-history":[{"count":1,"href":"https:\/\/iwsp.uwr.edu.pl\/en\/wp-json\/wp\/v2\/pages\/26980\/revisions\/"}],"predecessor-version":[{"id":27004,"href":"https:\/\/iwsp.uwr.edu.pl\/en\/wp-json\/wp\/v2\/pages\/26980\/revisions\/27004\/"}],"up":[{"embeddable":true,"href":"https:\/\/iwsp.uwr.edu.pl\/en\/wp-json\/wp\/v2\/pages\/26941\/"}],"wp:attachment":[{"href":"https:\/\/iwsp.uwr.edu.pl\/en\/wp-json\/wp\/v2\/media\/?parent=26980"}],"wp:term":[{"taxonomy":"category","embeddable":true,"href":"https:\/\/iwsp.uwr.edu.pl\/en\/wp-json\/wp\/v2\/categories\/?post=26980"},{"taxonomy":"post_tag","embeddable":true,"href":"https:\/\/iwsp.uwr.edu.pl\/en\/wp-json\/wp\/v2\/tags\/?post=26980"}],"curies":[{"name":"wp","href":"https:\/\/api.w.org\/{rel}","templated":true}]}}