{"id":26986,"date":"2025-10-28T11:35:51","date_gmt":"2025-10-28T10:35:51","guid":{"rendered":"https:\/\/iwsp.uwr.edu.pl\/?page_id=26986"},"modified":"2025-10-28T11:35:51","modified_gmt":"2025-10-28T10:35:51","slug":"registration-for-the-conference-2024","status":"publish","type":"page","link":"https:\/\/iwsp.uwr.edu.pl\/en\/home\/historical-events\/iwsp-2024\/registration-for-the-conference-2024\/","title":{"rendered":"Registration for the conference [2024]"},"content":{"rendered":"\n        <div class=\"conference-form-page\">\n            <div class=\"left-column\">\n               <img decoding=\"async\" src=\"https:\/\/uwr.edu.pl\/\/wp-content\/uploads\/2021\/07\/DSC05616.jpg\" \/>\n            <\/div>\n            <div class=\"right-column\">\n                <div class=\"bs_add_breadcrumb_trail\"><\/div>\n                <hr>\n                <h1 class=\"konferencje-strona-naglowek\">Registration for the conference [2024]<\/h1>\n                <div class=\"conference-form\">\t\t\t\t<form id=\"acf-form\" class=\"acf-form\" action=\"\" method=\"post\">\n\t\t\t\t\t<div id=\"acf-form-data\" class=\"acf-hidden\">\n\t\t<input type=\"hidden\" id=\"_acf_screen\" name=\"_acf_screen\" value=\"acf_form\"\/><input type=\"hidden\" id=\"_acf_post_id\" name=\"_acf_post_id\" value=\"new_post\"\/><input type=\"hidden\" id=\"_acf_validation\" name=\"_acf_validation\" value=\"1\"\/><input type=\"hidden\" id=\"_acf_form\" name=\"_acf_form\" value=\"TUdXL1h0YWE4UjdjSzcwbEo0bGNNVXh5dUIzQXZqNlJveUlicGkzd25RV24wZ0pBVGNiS1pzK2xQYnRRSDVhZ2ZWaHFRM2N2U21WTXlWaVlPc25lU3BSdVVoZ0YvR2dDeHhIMjlFL0hiV1J1NFVBWHVTTTFQNTAyV1RoUllyZ0NraWgvNUlHSnRiMElVK3FicUFia1dSNzE2RnRNdFdaVVB4SC9LZWlzNC85T2xkV0JrL2F6TVVMWThsZGJLR2MxUTFkQ2NvdHNJRy9oWlBnVVhiNlFuOEV1eVRKZzdpbFRpWlVRNjJ0aTIzRzRybUhwMEpFc3FJcm82VDhtSmdKUU5EcnBsQ2ZDMmg4dW5aOEhHcTlZMDVMTDAvNXM5dEZnRmpmYlYzcEVFYTVOZ0lINkhoL3h1RnlGRG45bG1YMHl4WEtqTlFVRDdiQzRJK0VrMm1hb3loUnlpWDRjZWF3aXBWbGh3TUdkOE1STjIwNk0wdEc5ZjA2aGloTEtxNW1ONktEdGJOV3FhNmZqZnptY0YxdjQ5RDhVYnFlSUNYbkQ2WGlMYWh6YkVBN0hlb1BpT2xrTHpYR0hYQ3pNQmhYamNXUXVuM2QyQ3dCVzhLN0ttZHd4SnZpRjR0M1hFL09nV2wwaXdXRFhsdGhBY28zcUNUUE5taXY3UHlEcXVNcmRGeFkzU2o5dXZPTGNubXpCbjcycWZXcElrcXVRdlEyYWtoM1Q1OXdjUGJ0d2tROVpVM25VSlZjd0R2dVJvRUszbDZwWE5qcFFCaHBaUEVmclE4OUc1S29QNTRlcC9reGdVTWIrNk9DVTZaV202anFwLzRZVkhYbVd4NDhralVudTk4bTlaT0Zzd3lGMWRGQnAyYVFMbnpMWkZqOGJ0ck5EQ3FQR0cwaTU0RDJjTWEwUFozS2RSTUlWY2dYSlhWbzFXalhLNTlHV1FrUzJIYk5oQU5LRnhwcFNMQ1NvdTJ2dFF5aTVmSUhjbjdSeE1FejBzWnNnb1FvMDVEZWN5YncxTi84STl4bjMwelc1RnJXZ3ZVN29FdVpiTmRwN0VwMGVvVWJOMlRZaitCdEF6V0JzQUlGZm5ZTVZZZlpaYW83THBPQWxXU1lkTzVidzlGbW1YMVo0M2U1cHpKN0lIS2Z1Wm1Mamp2d2d0ZmlQMGw2SldKVGV0azhKT2dZWlRkd3RuL0dmbUg2SlJtUEhEMzFWY3ZZZlVKRUJEeWJ4ck1SZ1NqUG54NFJKK3ovcDFqdHErZXlpVWpiOGVNYmd3U3B2emMzTzFhdlQ4VDhqd2NxVlJKOGNRamEwT3NkZHFJZEd0OUw5d210U09jc2VVWm1CZnJRejBvYUtDWWRtVDhXNDh0cXpqSmdHTzNqazk2YlNTMkZzSDZEb3ZkaHU2TGJOVC9PRTFCc2QrNkdHelFTRzFlUmtPQUVBbkVlQmpXQjVjZDF5USttY0JVK0NKVE52dno4UUl6QXl1U3gwenRJLzNrVGFueGFSQ1drZTdFT0hqWWZXTXhyZHI0RmI3MG1BN3hqV01PMzF4K21qdlpVMHRNL2FQdW9xOFFzZUo1MVM4RlFlYmhuL29NZHFWMkRJajZ4S1VSMW1ZL29VOU5jeDo6zdLYw3gqOFoPl2iM5ew2XA==\"\/><input type=\"hidden\" id=\"_acf_nonce\" name=\"_acf_nonce\" value=\"176b7ebd34\"\/><input type=\"hidden\" id=\"_acf_changed\" name=\"_acf_changed\" value=\"0\"\/>\t<\/div>\n\t\t\t\t<div class=\"acf-fields acf-form-fields -top\">\n\t\t\t\t\t\t\t\t<div class=\"acf-field acf-field-post-object acf-field-62e27c7d8dc5c\" data-name=\"konferencja\" data-type=\"post_object\" data-key=\"field_62e27c7d8dc5c\">\n<div class=\"acf-label\">\n<label for=\"acf-field_62e27c7d8dc5c\">Konferencja<\/label><\/div>\n<div class=\"acf-input\">\n<input type=\"hidden\" id=\"acf-field_62e27c7d8dc5c-input\" name=\"acf[field_62e27c7d8dc5c]\"\/><select id=\"acf-field_62e27c7d8dc5c\" class=\"\" name=\"acf[field_62e27c7d8dc5c]\" data-ui=\"1\" data-ajax=\"1\" data-multiple=\"0\" data-placeholder=\"Select\" data-allow_null=\"0\" data-nonce=\"0e4876ad45\"><\/select><\/div>\n<\/div>\n<div class=\"acf-field acf-field-text acf-field-6228ac6cad234 is-required\" data-name=\"imie\" data-type=\"text\" data-key=\"field_6228ac6cad234\" data-required=\"1\">\n<div class=\"acf-label\">\n<label for=\"acf-field_6228ac6cad234\">Imi\u0119 <span class=\"acf-required\">*<\/span><\/label><\/div>\n<div class=\"acf-input\">\n<div class=\"acf-input-wrap\"><input type=\"text\" id=\"acf-field_6228ac6cad234\" name=\"acf[field_6228ac6cad234]\" placeholder=\"Wpisz imi\u0119\" required=\"required\"\/><\/div><\/div>\n<\/div>\n<div class=\"acf-field acf-field-text acf-field-6228ac90ad235 is-required\" data-name=\"nazwisko\" data-type=\"text\" data-key=\"field_6228ac90ad235\" data-required=\"1\">\n<div class=\"acf-label\">\n<label for=\"acf-field_6228ac90ad235\">Nazwisko <span class=\"acf-required\">*<\/span><\/label><\/div>\n<div class=\"acf-input\">\n<div class=\"acf-input-wrap\"><input type=\"text\" id=\"acf-field_6228ac90ad235\" name=\"acf[field_6228ac90ad235]\" placeholder=\"Wpisz nazwisko\" required=\"required\"\/><\/div><\/div>\n<\/div>\n<div class=\"acf-field acf-field-email acf-field-6228aca8ad236 is-required\" data-name=\"e-mail\" data-type=\"email\" data-key=\"field_6228aca8ad236\" data-required=\"1\">\n<div class=\"acf-label\">\n<label for=\"acf-field_6228aca8ad236\">E-mail <span class=\"acf-required\">*<\/span><\/label><\/div>\n<div class=\"acf-input\">\n<div class=\"acf-input-wrap\"><input type=\"email\" id=\"acf-field_6228aca8ad236\" name=\"acf[field_6228aca8ad236]\" placeholder=\"Wpisz e-mail\" required=\"required\"\/><\/div><\/div>\n<\/div>\n<div class=\"acf-field acf-field-number acf-field-6228acc8ad237 is-required\" data-name=\"numer_telefonu\" data-type=\"number\" data-key=\"field_6228acc8ad237\" data-required=\"1\">\n<div class=\"acf-label\">\n<label for=\"acf-field_6228acc8ad237\">Numer telefonu <span class=\"acf-required\">*<\/span><\/label><\/div>\n<div class=\"acf-input\">\n<div class=\"acf-input-wrap\"><input type=\"number\" id=\"acf-field_6228acc8ad237\" name=\"acf[field_6228acc8ad237]\" step=\"any\" required=\"required\"\/><\/div><\/div>\n<\/div>\n<div class=\"acf-field acf-field-text acf-field-6228aceaad238\" data-name=\"tytul_naukowy\" data-type=\"text\" data-key=\"field_6228aceaad238\">\n<div class=\"acf-label\">\n<label for=\"acf-field_6228aceaad238\">Tytu\u0142 naukowy<\/label><\/div>\n<div class=\"acf-input\">\n<div class=\"acf-input-wrap\"><input type=\"text\" id=\"acf-field_6228aceaad238\" name=\"acf[field_6228aceaad238]\" placeholder=\"Wpisz tytu\u0142 naukowy\"\/><\/div><\/div>\n<\/div>\n<div class=\"acf-field acf-field-text acf-field-6228ad0ead239 is-required\" data-name=\"afiliacja\" data-type=\"text\" data-key=\"field_6228ad0ead239\" data-required=\"1\">\n<div class=\"acf-label\">\n<label for=\"acf-field_6228ad0ead239\">Afiliacja <span class=\"acf-required\">*<\/span><\/label><\/div>\n<div class=\"acf-input\">\n<div class=\"acf-input-wrap\"><input type=\"text\" id=\"acf-field_6228ad0ead239\" name=\"acf[field_6228ad0ead239]\" placeholder=\"Wpisz swoj\u0105 afiliacj\u0119\" required=\"required\"\/><\/div><\/div>\n<\/div>\n<div class=\"acf-field acf-field-radio acf-field-6228ae21ad23a\" data-name=\"udzial_w_konferencji\" data-type=\"radio\" data-key=\"field_6228ae21ad23a\">\n<div class=\"acf-label\">\n<label id=\"acf-field_6228ae21ad23a-label\">Udzia\u0142 w konferencji<\/label><\/div>\n<div class=\"acf-input\">\n<input type=\"hidden\" name=\"acf[field_6228ae21ad23a]\"\/><ul class=\"acf-radio-list acf-bl\" data-allow_null=\"0\" data-other_choice=\"0\" role=\"radiogroup\" aria-labelledby=\"acf-field_6228ae21ad23a-label\"><li><label class=\"selected\"><input type=\"radio\" id=\"acf-field_6228ae21ad23a-czynny\" name=\"acf[field_6228ae21ad23a]\" value=\"czynny\" checked=\"checked\"\/>czynny<\/label><\/li><li><label><input type=\"radio\" id=\"acf-field_6228ae21ad23a-bierny\" name=\"acf[field_6228ae21ad23a]\" value=\"bierny\"\/>bierny<\/label><\/li><\/ul><\/div>\n<\/div>\n<div class=\"acf-field acf-field-message acf-field-6228ae5ead23b\" data-type=\"message\" data-key=\"field_6228ae5ead23b\">\n<div class=\"acf-label\">\n<\/div>\n<div class=\"acf-input\">\n<h3>Dane do faktury<\/h3>\n<\/div>\n<\/div>\n<div class=\"acf-field acf-field-textarea acf-field-6228ae96ad23c is-required\" data-name=\"dane_jednostki\" data-type=\"textarea\" data-key=\"field_6228ae96ad23c\" data-required=\"1\">\n<div class=\"acf-label\">\n<label for=\"acf-field_6228ae96ad23c\">Dane jednostki <span class=\"acf-required\">*<\/span><\/label><\/div>\n<div class=\"acf-input\">\n<textarea id=\"acf-field_6228ae96ad23c\" name=\"acf[field_6228ae96ad23c]\" placeholder=\"Wpisz dane jednostki\" rows=\"4\" required=\"required\"><\/textarea><\/div>\n<\/div>\n<div class=\"acf-field acf-field-number acf-field-6228aedead23d is-required\" data-name=\"nip\" data-type=\"number\" data-key=\"field_6228aedead23d\" data-required=\"1\">\n<div class=\"acf-label\">\n<label for=\"acf-field_6228aedead23d\">NIP <span class=\"acf-required\">*<\/span><\/label><\/div>\n<div class=\"acf-input\">\n<div class=\"acf-input-wrap\"><input type=\"number\" id=\"acf-field_6228aedead23d\" name=\"acf[field_6228aedead23d]\" step=\"any\" placeholder=\"Wpisz NIP\" required=\"required\"\/><\/div><\/div>\n<\/div>\n<div class=\"acf-field acf-field-checkbox acf-field-6228aefdad23e is-required\" data-name=\"zgoda_rodo\" data-type=\"checkbox\" data-key=\"field_6228aefdad23e\" data-required=\"1\">\n<div class=\"acf-label\">\n<label id=\"acf-field_6228aefdad23e-label\">Zgoda rodo <span class=\"acf-required\">*<\/span><\/label><\/div>\n<div class=\"acf-input\">\n<input type=\"hidden\" name=\"acf[field_6228aefdad23e]\"\/><ul class=\"acf-checkbox-list acf-bl\" role=\"group\" aria-labelledby=\"acf-field_6228aefdad23e-label\">\n<li><label><input type=\"checkbox\" id=\"acf-field_6228aefdad23e-Zgoda-na-przetwarzanie-danych-osobowych---&lt;a-href=&quot;https:\/\/uwr.edu.pl\/polityka-prywatnosci\/&quot;&gt;RODO&lt;\/a&gt;\" name=\"acf[field_6228aefdad23e][]\" value=\"Zgoda na przetwarzanie danych osobowych - &lt;a href=&quot;https:\/\/uwr.edu.pl\/polityka-prywatnosci\/&quot;&gt;RODO&lt;\/a&gt;\"\/> Zgoda na przetwarzanie danych osobowych - <a href=\"https:\/\/uwr.edu.pl\/polityka-prywatnosci\/\">RODO<\/a><\/label><\/li>\n<\/ul>\n<\/div>\n<\/div>\n<div class=\"acf-field acf-field-text acf-field--validate-email\" style=\"display:none !important;\" data-name=\"_validate_email\" data-type=\"text\" data-key=\"_validate_email\">\n<div class=\"acf-label\">\n<label for=\"acf-_validate_email\">Validate Email<\/label><\/div>\n<div class=\"acf-input\">\n<div class=\"acf-input-wrap\"><input type=\"text\" id=\"acf-_validate_email\" name=\"acf[_validate_email]\"\/><\/div><\/div>\n<\/div>\n\t\t\t\t\t\t\t<\/div>\n\t\t\t\t\t\t\t<div class=\"acf-form-submit\">\n\t\t\t\t\t<input type=\"submit\" class=\"acf-button button button-primary button-large\" value=\"Zapisz si\u0119\" \/>\t\t\t\t\t<span class=\"acf-spinner\"><\/span>\t\t\t\t<\/div>\n\t\t\t\t<\/form>\n\t\t\t<\/div>\n            <\/div>\n        <\/div>\n        \n\n\n\n<p>text&#8230;.<\/p>\n","protected":false},"excerpt":{"rendered":"<p>text&#8230;.<\/p>\n","protected":false},"author":37,"featured_media":0,"parent":26941,"menu_order":6,"comment_status":"closed","ping_status":"closed","template":"","meta":{"_acf_changed":false,"inline_featured_image":false,"site-sidebar-layout":"default","site-content-layout":"","ast-site-content-layout":"default","site-content-style":"default","site-sidebar-style":"default","ast-global-header-display":"","ast-banner-title-visibility":"","ast-main-header-display":"","ast-hfb-above-header-display":"","ast-hfb-below-header-display":"","ast-hfb-mobile-header-display":"","site-post-title":"","ast-breadcrumbs-content":"","ast-featured-img":"","footer-sml-layout":"","ast-disable-related-posts":"","theme-transparent-header-meta":"","adv-header-id-meta":"","stick-header-meta":"","header-above-stick-meta":"","header-main-stick-meta":"","header-below-stick-meta":"","astra-migrate-meta-layouts":"default","ast-page-background-enabled":"default","ast-page-background-meta":{"desktop":{"background-color":"","background-image":"","background-repeat":"repeat","background-position":"center center","background-size":"auto","background-attachment":"scroll","background-type":"","background-media":"","overlay-type":"","overlay-color":"","overlay-opacity":"","overlay-gradient":""},"tablet":{"background-color":"","background-image":"","background-repeat":"repeat","background-position":"center center","background-size":"auto","background-attachment":"scroll","background-type":"","background-media":"","overlay-type":"","overlay-color":"","overlay-opacity":"","overlay-gradient":""},"mobile":{"background-color":"","background-image":"","background-repeat":"repeat","background-position":"center center","background-size":"auto","background-attachment":"scroll","background-type":"","background-media":"","overlay-type":"","overlay-color":"","overlay-opacity":"","overlay-gradient":""}},"ast-content-background-meta":{"desktop":{"background-color":"var(--ast-global-color-5)","background-image":"","background-repeat":"repeat","background-position":"center center","background-size":"auto","background-attachment":"scroll","background-type":"","background-media":"","overlay-type":"","overlay-color":"","overlay-opacity":"","overlay-gradient":""},"tablet":{"background-color":"var(--ast-global-color-5)","background-image":"","background-repeat":"repeat","background-position":"center center","background-size":"auto","background-attachment":"scroll","background-type":"","background-media":"","overlay-type":"","overlay-color":"","overlay-opacity":"","overlay-gradient":""},"mobile":{"background-color":"var(--ast-global-color-5)","background-image":"","background-repeat":"repeat","background-position":"center center","background-size":"auto","background-attachment":"scroll","background-type":"","background-media":"","overlay-type":"","overlay-color":"","overlay-opacity":"","overlay-gradient":""}},"footnotes":""},"categories":[],"tags":[],"class_list":["post-26986","page","type-page","status-publish","hentry"],"featured_image_urls_v2":{"full":"","thumbnail":"","medium":"","medium_large":"","large":"","1536x1536":"","2048x2048":"","menu-24x24":"","menu-36x36":"","menu-48x48":""},"post_excerpt_stackable_v2":"<p>Registration for the conference [2024] Konferencja Imi\u0119 * Nazwisko * E-mail * Numer telefonu * Tytu\u0142 naukowy Afiliacja * Udzia\u0142 w konferencji czynnybierny Dane do faktury Dane jednostki * NIP * Zgoda rodo * Zgoda na przetwarzanie danych osobowych &#8211; RODO Validate Email text&#8230;.<\/p>\n","category_list_v2":"Uncategorized","author_info_v2":{"name":"Izabela Jaraszek","url":"https:\/\/iwsp.uwr.edu.pl\/en\/author\/ijaraszek\/"},"comments_num_v2":"0 comments","acf":[],"yoast_head":"<!-- This site is optimized with the Yoast SEO plugin v27.1.1 - https:\/\/yoast.com\/product\/yoast-seo-wordpress\/ -->\n<title>Registration for the conference [2024] - IWSP Conference<\/title>\n<meta name=\"robots\" content=\"index, follow, max-snippet:-1, max-image-preview:large, max-video-preview:-1\" \/>\n<link rel=\"canonical\" href=\"https:\/\/iwsp.uwr.edu.pl\/en\/site-map\/strona-glowna2-2\/historical-events\/iwsp-2024\/registration-for-the-conference-2024\/\" \/>\n<meta property=\"og:locale\" content=\"en_US\" \/>\n<meta property=\"og:type\" content=\"article\" \/>\n<meta property=\"og:title\" content=\"Registration for the conference [2024] - IWSP Conference\" \/>\n<meta property=\"og:description\" content=\"text&#8230;.\" \/>\n<meta property=\"og:url\" content=\"https:\/\/iwsp.uwr.edu.pl\/en\/site-map\/strona-glowna2-2\/historical-events\/iwsp-2024\/registration-for-the-conference-2024\/\" \/>\n<meta property=\"og:site_name\" content=\"IWSP Conference\" \/>\n<meta name=\"twitter:card\" content=\"summary_large_image\" \/>\n<meta name=\"twitter:label1\" content=\"Est. reading time\" \/>\n\t<meta name=\"twitter:data1\" content=\"1 minute\" \/>\n<script type=\"application\/ld+json\" class=\"yoast-schema-graph\">{\"@context\":\"https:\/\/schema.org\",\"@graph\":[{\"@type\":\"WebPage\",\"@id\":\"https:\/\/iwsp.uwr.edu.pl\/en\/site-map\/strona-glowna2-2\/historical-events\/iwsp-2024\/registration-for-the-conference-2024\/\",\"url\":\"https:\/\/iwsp.uwr.edu.pl\/en\/site-map\/strona-glowna2-2\/historical-events\/iwsp-2024\/registration-for-the-conference-2024\/\",\"name\":\"Registration for the conference [2024] - IWSP Conference\",\"isPartOf\":{\"@id\":\"https:\/\/iwsp.uwr.edu.pl\/#website\"},\"datePublished\":\"2025-10-28T10:35:51+00:00\",\"breadcrumb\":{\"@id\":\"https:\/\/iwsp.uwr.edu.pl\/en\/site-map\/strona-glowna2-2\/historical-events\/iwsp-2024\/registration-for-the-conference-2024\/#breadcrumb\"},\"inLanguage\":\"en-US\",\"potentialAction\":[{\"@type\":\"ReadAction\",\"target\":[\"https:\/\/iwsp.uwr.edu.pl\/en\/site-map\/strona-glowna2-2\/historical-events\/iwsp-2024\/registration-for-the-conference-2024\/\"]}]},{\"@type\":\"BreadcrumbList\",\"@id\":\"https:\/\/iwsp.uwr.edu.pl\/en\/site-map\/strona-glowna2-2\/historical-events\/iwsp-2024\/registration-for-the-conference-2024\/#breadcrumb\",\"itemListElement\":[{\"@type\":\"ListItem\",\"position\":1,\"name\":\"Strona g\u0142\u00f3wna\",\"item\":\"https:\/\/iwsp.uwr.edu.pl\/en\/\"},{\"@type\":\"ListItem\",\"position\":2,\"name\":\"Site map\",\"item\":\"https:\/\/iwsp.uwr.edu.pl\/en\/site-map\/\"},{\"@type\":\"ListItem\",\"position\":3,\"name\":\"Home\",\"item\":\"https:\/\/iwsp.uwr.edu.pl\/en\/\"},{\"@type\":\"ListItem\",\"position\":4,\"name\":\"Historical Events\",\"item\":\"https:\/\/iwsp.uwr.edu.pl\/en\/historical-events\/\"},{\"@type\":\"ListItem\",\"position\":5,\"name\":\"IWSP 2024\",\"item\":\"https:\/\/iwsp.uwr.edu.pl\/en\/historical-events\/iwsp-2024\/\"},{\"@type\":\"ListItem\",\"position\":6,\"name\":\"Registration for the conference [2024]\"}]},{\"@type\":\"WebSite\",\"@id\":\"https:\/\/iwsp.uwr.edu.pl\/#website\",\"url\":\"https:\/\/iwsp.uwr.edu.pl\/\",\"name\":\"IWSP Conference\",\"description\":\"Kolejna witryna sieci \u201eUWR Witryny\u201d\",\"publisher\":{\"@id\":\"https:\/\/iwsp.uwr.edu.pl\/#organization\"},\"potentialAction\":[{\"@type\":\"SearchAction\",\"target\":{\"@type\":\"EntryPoint\",\"urlTemplate\":\"https:\/\/iwsp.uwr.edu.pl\/?s={search_term_string}\"},\"query-input\":{\"@type\":\"PropertyValueSpecification\",\"valueRequired\":true,\"valueName\":\"search_term_string\"}}],\"inLanguage\":\"en-US\"},{\"@type\":\"Organization\",\"@id\":\"https:\/\/iwsp.uwr.edu.pl\/#organization\",\"name\":\"IWSP Conference\",\"url\":\"https:\/\/iwsp.uwr.edu.pl\/\",\"logo\":{\"@type\":\"ImageObject\",\"inLanguage\":\"en-US\",\"@id\":\"https:\/\/iwsp.uwr.edu.pl\/#\/schema\/logo\/image\/\",\"url\":\"https:\/\/iwsp.uwr.edu.pl\/wp-content\/uploads\/sites\/480\/2025\/10\/UWr-logotyp-2025.png\",\"contentUrl\":\"https:\/\/iwsp.uwr.edu.pl\/wp-content\/uploads\/sites\/480\/2025\/10\/UWr-logotyp-2025.png\",\"width\":764,\"height\":269,\"caption\":\"IWSP Conference\"},\"image\":{\"@id\":\"https:\/\/iwsp.uwr.edu.pl\/#\/schema\/logo\/image\/\"}}]}<\/script>\n<!-- \/ Yoast SEO plugin. -->","yoast_head_json":{"title":"Registration for the conference [2024] - IWSP Conference","robots":{"index":"index","follow":"follow","max-snippet":"max-snippet:-1","max-image-preview":"max-image-preview:large","max-video-preview":"max-video-preview:-1"},"canonical":"https:\/\/iwsp.uwr.edu.pl\/en\/site-map\/strona-glowna2-2\/historical-events\/iwsp-2024\/registration-for-the-conference-2024\/","og_locale":"en_US","og_type":"article","og_title":"Registration for the conference [2024] - IWSP Conference","og_description":"text&#8230;.","og_url":"https:\/\/iwsp.uwr.edu.pl\/en\/site-map\/strona-glowna2-2\/historical-events\/iwsp-2024\/registration-for-the-conference-2024\/","og_site_name":"IWSP Conference","twitter_card":"summary_large_image","twitter_misc":{"Est. reading time":"1 minute"},"schema":{"@context":"https:\/\/schema.org","@graph":[{"@type":"WebPage","@id":"https:\/\/iwsp.uwr.edu.pl\/en\/site-map\/strona-glowna2-2\/historical-events\/iwsp-2024\/registration-for-the-conference-2024\/","url":"https:\/\/iwsp.uwr.edu.pl\/en\/site-map\/strona-glowna2-2\/historical-events\/iwsp-2024\/registration-for-the-conference-2024\/","name":"Registration for the conference [2024] - IWSP Conference","isPartOf":{"@id":"https:\/\/iwsp.uwr.edu.pl\/#website"},"datePublished":"2025-10-28T10:35:51+00:00","breadcrumb":{"@id":"https:\/\/iwsp.uwr.edu.pl\/en\/site-map\/strona-glowna2-2\/historical-events\/iwsp-2024\/registration-for-the-conference-2024\/#breadcrumb"},"inLanguage":"en-US","potentialAction":[{"@type":"ReadAction","target":["https:\/\/iwsp.uwr.edu.pl\/en\/site-map\/strona-glowna2-2\/historical-events\/iwsp-2024\/registration-for-the-conference-2024\/"]}]},{"@type":"BreadcrumbList","@id":"https:\/\/iwsp.uwr.edu.pl\/en\/site-map\/strona-glowna2-2\/historical-events\/iwsp-2024\/registration-for-the-conference-2024\/#breadcrumb","itemListElement":[{"@type":"ListItem","position":1,"name":"Strona g\u0142\u00f3wna","item":"https:\/\/iwsp.uwr.edu.pl\/en\/"},{"@type":"ListItem","position":2,"name":"Site map","item":"https:\/\/iwsp.uwr.edu.pl\/en\/site-map\/"},{"@type":"ListItem","position":3,"name":"Home","item":"https:\/\/iwsp.uwr.edu.pl\/en\/"},{"@type":"ListItem","position":4,"name":"Historical Events","item":"https:\/\/iwsp.uwr.edu.pl\/en\/historical-events\/"},{"@type":"ListItem","position":5,"name":"IWSP 2024","item":"https:\/\/iwsp.uwr.edu.pl\/en\/historical-events\/iwsp-2024\/"},{"@type":"ListItem","position":6,"name":"Registration for the conference [2024]"}]},{"@type":"WebSite","@id":"https:\/\/iwsp.uwr.edu.pl\/#website","url":"https:\/\/iwsp.uwr.edu.pl\/","name":"IWSP Conference","description":"Kolejna witryna sieci \u201eUWR Witryny\u201d","publisher":{"@id":"https:\/\/iwsp.uwr.edu.pl\/#organization"},"potentialAction":[{"@type":"SearchAction","target":{"@type":"EntryPoint","urlTemplate":"https:\/\/iwsp.uwr.edu.pl\/?s={search_term_string}"},"query-input":{"@type":"PropertyValueSpecification","valueRequired":true,"valueName":"search_term_string"}}],"inLanguage":"en-US"},{"@type":"Organization","@id":"https:\/\/iwsp.uwr.edu.pl\/#organization","name":"IWSP Conference","url":"https:\/\/iwsp.uwr.edu.pl\/","logo":{"@type":"ImageObject","inLanguage":"en-US","@id":"https:\/\/iwsp.uwr.edu.pl\/#\/schema\/logo\/image\/","url":"https:\/\/iwsp.uwr.edu.pl\/wp-content\/uploads\/sites\/480\/2025\/10\/UWr-logotyp-2025.png","contentUrl":"https:\/\/iwsp.uwr.edu.pl\/wp-content\/uploads\/sites\/480\/2025\/10\/UWr-logotyp-2025.png","width":764,"height":269,"caption":"IWSP Conference"},"image":{"@id":"https:\/\/iwsp.uwr.edu.pl\/#\/schema\/logo\/image\/"}}]}},"publishpress_future_action":{"enabled":false,"date":"2026-04-28 14:33:27","action":"change-status","newStatus":"draft","terms":[],"taxonomy":"category","extraData":[]},"publishpress_future_workflow_manual_trigger":{"enabledWorkflows":[]},"_links":{"self":[{"href":"https:\/\/iwsp.uwr.edu.pl\/en\/wp-json\/wp\/v2\/pages\/26986\/"}],"collection":[{"href":"https:\/\/iwsp.uwr.edu.pl\/en\/wp-json\/wp\/v2\/pages\/"}],"about":[{"href":"https:\/\/iwsp.uwr.edu.pl\/en\/wp-json\/wp\/v2\/types\/page\/"}],"author":[{"embeddable":true,"href":"https:\/\/iwsp.uwr.edu.pl\/en\/wp-json\/wp\/v2\/users\/37\/"}],"replies":[{"embeddable":true,"href":"https:\/\/iwsp.uwr.edu.pl\/en\/wp-json\/wp\/v2\/comments\/?post=26986"}],"version-history":[{"count":1,"href":"https:\/\/iwsp.uwr.edu.pl\/en\/wp-json\/wp\/v2\/pages\/26986\/revisions\/"}],"predecessor-version":[{"id":27010,"href":"https:\/\/iwsp.uwr.edu.pl\/en\/wp-json\/wp\/v2\/pages\/26986\/revisions\/27010\/"}],"up":[{"embeddable":true,"href":"https:\/\/iwsp.uwr.edu.pl\/en\/wp-json\/wp\/v2\/pages\/26941\/"}],"wp:attachment":[{"href":"https:\/\/iwsp.uwr.edu.pl\/en\/wp-json\/wp\/v2\/media\/?parent=26986"}],"wp:term":[{"taxonomy":"category","embeddable":true,"href":"https:\/\/iwsp.uwr.edu.pl\/en\/wp-json\/wp\/v2\/categories\/?post=26986"},{"taxonomy":"post_tag","embeddable":true,"href":"https:\/\/iwsp.uwr.edu.pl\/en\/wp-json\/wp\/v2\/tags\/?post=26986"}],"curies":[{"name":"wp","href":"https:\/\/api.w.org\/{rel}","templated":true}]}}